{"id":4124,"date":"2026-02-01T12:52:13","date_gmt":"2026-02-01T12:52:13","guid":{"rendered":"https:\/\/lescochonsdecocagne.be\/fr\/?post_type=product&#038;p=4124"},"modified":"2026-03-28T19:04:36","modified_gmt":"2026-03-28T19:04:36","slug":"gras-de-porc","status":"publish","type":"product","link":"https:\/\/lescochonsdecocagne.be\/fr\/shop\/gras-de-porc\/","title":{"rendered":"gras de porc"},"content":{"rendered":"","protected":false},"excerpt":{"rendered":"<p>Pendant l\u2019hiver, vous trouverez \u00e9galement dans notre assortiment du gras de porc \u00e0 prix tout doux. Parfait pour pr\u00e9parer votre propre saindoux\u2026 ou fabriquer des boules de graisse afin d\u2019offrir un festin \u00e9nerg\u00e9tique aux oiseaux du jardin.<\/p>\n<p><strong><em>Emball\u00e9 par 1 kg.<\/em><\/strong><\/p>\n","protected":false},"featured_media":4125,"comment_status":"closed","ping_status":"closed","template":"","meta":[],"product_brand":[],"product_cat":[123],"product_tag":[],"class_list":{"0":"post-4124","1":"product","2":"type-product","3":"status-publish","4":"has-post-thumbnail","6":"product_cat-saucisses-et-viande-hachee","8":"first","9":"instock","10":"shipping-taxable","11":"purchasable","12":"product-type-simple"},"_links":{"self":[{"href":"https:\/\/lescochonsdecocagne.be\/fr\/wp-json\/wp\/v2\/product\/4124","targetHints":{"allow":["GET"]}}],"collection":[{"href":"https:\/\/lescochonsdecocagne.be\/fr\/wp-json\/wp\/v2\/product"}],"about":[{"href":"https:\/\/lescochonsdecocagne.be\/fr\/wp-json\/wp\/v2\/types\/product"}],"replies":[{"embeddable":true,"href":"https:\/\/lescochonsdecocagne.be\/fr\/wp-json\/wp\/v2\/comments?post=4124"}],"wp:featuredmedia":[{"embeddable":true,"href":"https:\/\/lescochonsdecocagne.be\/fr\/wp-json\/wp\/v2\/media\/4125"}],"wp:attachment":[{"href":"https:\/\/lescochonsdecocagne.be\/fr\/wp-json\/wp\/v2\/media?parent=4124"}],"wp:term":[{"taxonomy":"product_brand","embeddable":true,"href":"https:\/\/lescochonsdecocagne.be\/fr\/wp-json\/wp\/v2\/product_brand?post=4124"},{"taxonomy":"product_cat","embeddable":true,"href":"https:\/\/lescochonsdecocagne.be\/fr\/wp-json\/wp\/v2\/product_cat?post=4124"},{"taxonomy":"product_tag","embeddable":true,"href":"https:\/\/lescochonsdecocagne.be\/fr\/wp-json\/wp\/v2\/product_tag?post=4124"}],"curies":[{"name":"wp","href":"https:\/\/api.w.org\/{rel}","templated":true}]}}