{"id":4083,"date":"2025-12-31T06:42:46","date_gmt":"2025-12-31T06:42:46","guid":{"rendered":"https:\/\/lescochonsdecocagne.be\/fr\/?post_type=product&#038;p=4083"},"modified":"2026-03-28T19:04:46","modified_gmt":"2026-03-28T19:04:46","slug":"oiseau-sans-tete","status":"publish","type":"product","link":"https:\/\/lescochonsdecocagne.be\/fr\/shop\/oiseau-sans-tete\/","title":{"rendered":"oiseau sans t\u00eate"},"content":{"rendered":"","protected":false},"excerpt":{"rendered":"<p>Sp\u00e9cialit\u00e9 embl\u00e9matique de nos r\u00e9gions : du hach\u00e9 finement assaisonn\u00e9, d\u00e9licatement envelopp\u00e9 dans une fine escalope de porc. Un plat authentique et chaleureux, au bon go\u00fbt de tradition.<\/p>\n<p><strong><em>Emball\u00e9 par 2.<\/em><\/strong><\/p>\n","protected":false},"featured_media":4084,"comment_status":"closed","ping_status":"closed","template":"","meta":[],"product_brand":[],"product_cat":[123],"product_tag":[],"class_list":{"0":"post-4083","1":"product","2":"type-product","3":"status-publish","4":"has-post-thumbnail","6":"product_cat-saucisses-et-viande-hachee","8":"first","9":"instock","10":"shipping-taxable","11":"purchasable","12":"product-type-simple"},"_links":{"self":[{"href":"https:\/\/lescochonsdecocagne.be\/fr\/wp-json\/wp\/v2\/product\/4083","targetHints":{"allow":["GET"]}}],"collection":[{"href":"https:\/\/lescochonsdecocagne.be\/fr\/wp-json\/wp\/v2\/product"}],"about":[{"href":"https:\/\/lescochonsdecocagne.be\/fr\/wp-json\/wp\/v2\/types\/product"}],"replies":[{"embeddable":true,"href":"https:\/\/lescochonsdecocagne.be\/fr\/wp-json\/wp\/v2\/comments?post=4083"}],"wp:featuredmedia":[{"embeddable":true,"href":"https:\/\/lescochonsdecocagne.be\/fr\/wp-json\/wp\/v2\/media\/4084"}],"wp:attachment":[{"href":"https:\/\/lescochonsdecocagne.be\/fr\/wp-json\/wp\/v2\/media?parent=4083"}],"wp:term":[{"taxonomy":"product_brand","embeddable":true,"href":"https:\/\/lescochonsdecocagne.be\/fr\/wp-json\/wp\/v2\/product_brand?post=4083"},{"taxonomy":"product_cat","embeddable":true,"href":"https:\/\/lescochonsdecocagne.be\/fr\/wp-json\/wp\/v2\/product_cat?post=4083"},{"taxonomy":"product_tag","embeddable":true,"href":"https:\/\/lescochonsdecocagne.be\/fr\/wp-json\/wp\/v2\/product_tag?post=4083"}],"curies":[{"name":"wp","href":"https:\/\/api.w.org\/{rel}","templated":true}]}}