{"id":4077,"date":"2025-12-31T06:37:51","date_gmt":"2025-12-31T06:37:51","guid":{"rendered":"https:\/\/lescochonsdecocagne.be\/fr\/?post_type=product&#038;p=4077"},"modified":"2026-03-28T19:05:20","modified_gmt":"2026-03-28T19:05:20","slug":"shoarma-epice","status":"publish","type":"product","link":"https:\/\/lescochonsdecocagne.be\/fr\/shop\/shoarma-epice\/","title":{"rendered":"shoarma \u00e9pic\u00e9"},"content":{"rendered":"","protected":false},"excerpt":{"rendered":"<p>Viande tendre, pr\u00eate \u00e0 l\u2019emploi, marin\u00e9e dans un m\u00e9lange \u00e9quilibr\u00e9 d\u2019\u00e9pices typiques du shoarma. Parfaite pour des plats aux accents du Moyen-Orient, comme des pitas g\u00e9n\u00e9reuses ou des assiettes gourmandes aux saveurs exotiques.<\/p>\n<p><strong><em>Emball\u00e9 par 500 gr.<\/em><\/strong><\/p>\n","protected":false},"featured_media":4078,"comment_status":"closed","ping_status":"closed","template":"","meta":[],"product_brand":[],"product_cat":[122],"product_tag":[],"class_list":{"0":"post-4077","1":"product","2":"type-product","3":"status-publish","4":"has-post-thumbnail","6":"product_cat-cuisse","8":"first","9":"instock","10":"shipping-taxable","11":"purchasable","12":"product-type-simple"},"_links":{"self":[{"href":"https:\/\/lescochonsdecocagne.be\/fr\/wp-json\/wp\/v2\/product\/4077","targetHints":{"allow":["GET"]}}],"collection":[{"href":"https:\/\/lescochonsdecocagne.be\/fr\/wp-json\/wp\/v2\/product"}],"about":[{"href":"https:\/\/lescochonsdecocagne.be\/fr\/wp-json\/wp\/v2\/types\/product"}],"replies":[{"embeddable":true,"href":"https:\/\/lescochonsdecocagne.be\/fr\/wp-json\/wp\/v2\/comments?post=4077"}],"wp:featuredmedia":[{"embeddable":true,"href":"https:\/\/lescochonsdecocagne.be\/fr\/wp-json\/wp\/v2\/media\/4078"}],"wp:attachment":[{"href":"https:\/\/lescochonsdecocagne.be\/fr\/wp-json\/wp\/v2\/media?parent=4077"}],"wp:term":[{"taxonomy":"product_brand","embeddable":true,"href":"https:\/\/lescochonsdecocagne.be\/fr\/wp-json\/wp\/v2\/product_brand?post=4077"},{"taxonomy":"product_cat","embeddable":true,"href":"https:\/\/lescochonsdecocagne.be\/fr\/wp-json\/wp\/v2\/product_cat?post=4077"},{"taxonomy":"product_tag","embeddable":true,"href":"https:\/\/lescochonsdecocagne.be\/fr\/wp-json\/wp\/v2\/product_tag?post=4077"}],"curies":[{"name":"wp","href":"https:\/\/api.w.org\/{rel}","templated":true}]}}