{"id":4074,"date":"2025-12-31T06:31:32","date_gmt":"2025-12-31T06:31:32","guid":{"rendered":"https:\/\/lescochonsdecocagne.be\/fr\/?post_type=product&#038;p=4074"},"modified":"2026-03-28T19:05:35","modified_gmt":"2026-03-28T19:05:35","slug":"jambon-de-cuisse-sale","status":"publish","type":"product","link":"https:\/\/lescochonsdecocagne.be\/fr\/shop\/jambon-de-cuisse-sale\/","title":{"rendered":"Jambon de cuisse sal\u00e9"},"content":{"rendered":"","protected":false},"excerpt":{"rendered":"<p>Tranches \u00e9paisses de jambon sal\u00e9, riches en go\u00fbt et en caract\u00e8re. D\u00e9licieuses lorsqu\u2019elles sont po\u00eal\u00e9es jusqu\u2019\u00e0 devenir bien croustillantes, id\u00e9ales avec des \u0153ufs au petit-d\u00e9jeuner ou comme accompagnement incontournable d\u2019un stoemp bien chaud.<\/p>\n<p><strong><em>Emball\u00e9 par 2.<\/em><\/strong><\/p>\n","protected":false},"featured_media":4075,"comment_status":"closed","ping_status":"closed","template":"","meta":[],"product_brand":[],"product_cat":[122],"product_tag":[],"class_list":{"0":"post-4074","1":"product","2":"type-product","3":"status-publish","4":"has-post-thumbnail","6":"product_cat-cuisse","8":"first","9":"instock","10":"shipping-taxable","11":"purchasable","12":"product-type-simple"},"_links":{"self":[{"href":"https:\/\/lescochonsdecocagne.be\/fr\/wp-json\/wp\/v2\/product\/4074","targetHints":{"allow":["GET"]}}],"collection":[{"href":"https:\/\/lescochonsdecocagne.be\/fr\/wp-json\/wp\/v2\/product"}],"about":[{"href":"https:\/\/lescochonsdecocagne.be\/fr\/wp-json\/wp\/v2\/types\/product"}],"replies":[{"embeddable":true,"href":"https:\/\/lescochonsdecocagne.be\/fr\/wp-json\/wp\/v2\/comments?post=4074"}],"wp:featuredmedia":[{"embeddable":true,"href":"https:\/\/lescochonsdecocagne.be\/fr\/wp-json\/wp\/v2\/media\/4075"}],"wp:attachment":[{"href":"https:\/\/lescochonsdecocagne.be\/fr\/wp-json\/wp\/v2\/media?parent=4074"}],"wp:term":[{"taxonomy":"product_brand","embeddable":true,"href":"https:\/\/lescochonsdecocagne.be\/fr\/wp-json\/wp\/v2\/product_brand?post=4074"},{"taxonomy":"product_cat","embeddable":true,"href":"https:\/\/lescochonsdecocagne.be\/fr\/wp-json\/wp\/v2\/product_cat?post=4074"},{"taxonomy":"product_tag","embeddable":true,"href":"https:\/\/lescochonsdecocagne.be\/fr\/wp-json\/wp\/v2\/product_tag?post=4074"}],"curies":[{"name":"wp","href":"https:\/\/api.w.org\/{rel}","templated":true}]}}