{"id":4050,"date":"2025-11-27T21:09:45","date_gmt":"2025-11-27T21:09:45","guid":{"rendered":"https:\/\/lescochonsdecocagne.be\/fr\/?post_type=product&#038;p=4050"},"modified":"2026-03-06T11:45:04","modified_gmt":"2026-03-06T11:45:04","slug":"cote-depaule-mangalica","status":"publish","type":"product","link":"https:\/\/lescochonsdecocagne.be\/fr\/shop\/cote-depaule-mangalica\/","title":{"rendered":"C\u00f4te d\u2019\u00e9paule (Mangalica)"},"content":{"rendered":"","protected":false},"excerpt":{"rendered":"<p>C\u00f4tes d\u2019\u00e9paule de <strong data-start=\"328\" data-end=\"341\">Mangalica<\/strong>, id\u00e9ales pour une cuisson lente. Elles deviennent tr\u00e8s fondantes et r\u00e9v\u00e8lent leur meilleur go\u00fbt avec une simple marinade ou un assaisonnement l\u00e9ger.<\/p>\n<p><strong><em>+\/- 300 g.<\/em><\/strong><\/p>\n<p><img loading=\"lazy\" decoding=\"async\" class=\"alignnone size-medium wp-image-3909\" src=\"https:\/\/lescochonsdecocagne.be\/fr\/wp-content\/uploads\/2024\/07\/diepvries-FR5-300x96.png\" alt=\"\" width=\"300\" height=\"96\" srcset=\"https:\/\/lescochonsdecocagne.be\/fr\/wp-content\/uploads\/2024\/07\/diepvries-FR5-300x96.png 300w, https:\/\/lescochonsdecocagne.be\/fr\/wp-content\/uploads\/2024\/07\/diepvries-FR5-1024x328.png 1024w, https:\/\/lescochonsdecocagne.be\/fr\/wp-content\/uploads\/2024\/07\/diepvries-FR5-768x246.png 768w, https:\/\/lescochonsdecocagne.be\/fr\/wp-content\/uploads\/2024\/07\/diepvries-FR5-1536x492.png 1536w, https:\/\/lescochonsdecocagne.be\/fr\/wp-content\/uploads\/2024\/07\/diepvries-FR5-2048x655.png 2048w, https:\/\/lescochonsdecocagne.be\/fr\/wp-content\/uploads\/2024\/07\/diepvries-FR5-600x192.png 600w\" sizes=\"auto, (max-width: 300px) 100vw, 300px\" \/><\/p>\n","protected":false},"featured_media":4088,"comment_status":"closed","ping_status":"closed","template":"","meta":[],"product_brand":[],"product_cat":[139],"product_tag":[],"class_list":{"0":"post-4050","1":"product","2":"type-product","3":"status-publish","4":"has-post-thumbnail","6":"product_cat-assortiment-mangalica","8":"first","9":"outofstock","10":"shipping-taxable","11":"purchasable","12":"product-type-simple"},"_links":{"self":[{"href":"https:\/\/lescochonsdecocagne.be\/fr\/wp-json\/wp\/v2\/product\/4050","targetHints":{"allow":["GET"]}}],"collection":[{"href":"https:\/\/lescochonsdecocagne.be\/fr\/wp-json\/wp\/v2\/product"}],"about":[{"href":"https:\/\/lescochonsdecocagne.be\/fr\/wp-json\/wp\/v2\/types\/product"}],"replies":[{"embeddable":true,"href":"https:\/\/lescochonsdecocagne.be\/fr\/wp-json\/wp\/v2\/comments?post=4050"}],"wp:featuredmedia":[{"embeddable":true,"href":"https:\/\/lescochonsdecocagne.be\/fr\/wp-json\/wp\/v2\/media\/4088"}],"wp:attachment":[{"href":"https:\/\/lescochonsdecocagne.be\/fr\/wp-json\/wp\/v2\/media?parent=4050"}],"wp:term":[{"taxonomy":"product_brand","embeddable":true,"href":"https:\/\/lescochonsdecocagne.be\/fr\/wp-json\/wp\/v2\/product_brand?post=4050"},{"taxonomy":"product_cat","embeddable":true,"href":"https:\/\/lescochonsdecocagne.be\/fr\/wp-json\/wp\/v2\/product_cat?post=4050"},{"taxonomy":"product_tag","embeddable":true,"href":"https:\/\/lescochonsdecocagne.be\/fr\/wp-json\/wp\/v2\/product_tag?post=4050"}],"curies":[{"name":"wp","href":"https:\/\/api.w.org\/{rel}","templated":true}]}}