{"id":4010,"date":"2025-10-30T06:47:14","date_gmt":"2025-10-30T06:47:14","guid":{"rendered":"https:\/\/lescochonsdecocagne.be\/fr\/?post_type=product&#038;p=4010"},"modified":"2026-02-21T14:49:14","modified_gmt":"2026-02-21T14:49:14","slug":"lard-fume","status":"publish","type":"product","link":"https:\/\/lescochonsdecocagne.be\/fr\/shop\/lard-fume\/","title":{"rendered":"Lard fum\u00e9"},"content":{"rendered":"<div class=\"Preview_row__3Fkye row\">\n<div class=\"Preview_componentWrapper__2i4QI\" data-id=\"C5867AEF-B155-4025-ABCA-85DBFFCA443F\" data-kind=\"TEXT\">\n<div class=\" Preview_component__SbiKo text-align-center\" data-in-template=\"false\" data-id=\"C5867AEF-B155-4025-ABCA-85DBFFCA443F\" data-kind=\"Component\" data-specific-kind=\"TEXT\">\n<div class=\"styles_contentContainer__lrPIa textnormal styles_text__3jGMu\" data-mve-font-change=\"0\">\n<p class=\"\">\n<\/div>\n<\/div>\n<\/div>\n<\/div>\n<div class=\"Preview_row__3Fkye row\">\n<div class=\"Preview_componentWrapper__2i4QI\" data-id=\"D6E7CBE2-CF26-4D8F-A233-898FA5E1AE79\" data-kind=\"IMAGE\">\n<div class=\" Preview_component__SbiKo \" data-in-template=\"false\" data-id=\"D6E7CBE2-CF26-4D8F-A233-898FA5E1AE79\" data-kind=\"Component\" data-specific-kind=\"IMAGE\"><\/div>\n<\/div>\n<\/div>\n","protected":false},"excerpt":{"rendered":"<p>S\u00e9lectionn\u00e9 avec exigence et fum\u00e9 selon la tradition, notre lard fum\u00e9 en fines tranches r\u00e9v\u00e8le une saveur intense et un parfum bois\u00e9 irr\u00e9sistible. Fines et savoureuses, ces tranches deviennent d\u00e9licieusement croustillantes \u00e0 la cuisson et rehaussent aussi bien les plats classiques que les recettes contemporaines. Parfait pour le petit-d\u00e9jeuner, les p\u00e2tes, les salades ou tout simplement pour le plaisir pur.<\/p>\n<p><strong><em>Environ 200 g par paquet.<\/em><\/strong><\/p>\n","protected":false},"featured_media":4011,"comment_status":"closed","ping_status":"closed","template":"","meta":[],"product_brand":[],"product_cat":[121],"product_tag":[],"class_list":{"0":"post-4010","1":"product","2":"type-product","3":"status-publish","4":"has-post-thumbnail","6":"product_cat-decentre-dos-et-ventre","8":"first","9":"instock","10":"shipping-taxable","11":"purchasable","12":"product-type-simple"},"_links":{"self":[{"href":"https:\/\/lescochonsdecocagne.be\/fr\/wp-json\/wp\/v2\/product\/4010","targetHints":{"allow":["GET"]}}],"collection":[{"href":"https:\/\/lescochonsdecocagne.be\/fr\/wp-json\/wp\/v2\/product"}],"about":[{"href":"https:\/\/lescochonsdecocagne.be\/fr\/wp-json\/wp\/v2\/types\/product"}],"replies":[{"embeddable":true,"href":"https:\/\/lescochonsdecocagne.be\/fr\/wp-json\/wp\/v2\/comments?post=4010"}],"wp:featuredmedia":[{"embeddable":true,"href":"https:\/\/lescochonsdecocagne.be\/fr\/wp-json\/wp\/v2\/media\/4011"}],"wp:attachment":[{"href":"https:\/\/lescochonsdecocagne.be\/fr\/wp-json\/wp\/v2\/media?parent=4010"}],"wp:term":[{"taxonomy":"product_brand","embeddable":true,"href":"https:\/\/lescochonsdecocagne.be\/fr\/wp-json\/wp\/v2\/product_brand?post=4010"},{"taxonomy":"product_cat","embeddable":true,"href":"https:\/\/lescochonsdecocagne.be\/fr\/wp-json\/wp\/v2\/product_cat?post=4010"},{"taxonomy":"product_tag","embeddable":true,"href":"https:\/\/lescochonsdecocagne.be\/fr\/wp-json\/wp\/v2\/product_tag?post=4010"}],"curies":[{"name":"wp","href":"https:\/\/api.w.org\/{rel}","templated":true}]}}