{"id":4007,"date":"2025-10-30T06:42:32","date_gmt":"2025-10-30T06:42:32","guid":{"rendered":"https:\/\/lescochonsdecocagne.be\/fr\/?post_type=product&#038;p=4007"},"modified":"2026-02-21T14:49:25","modified_gmt":"2026-02-21T14:49:25","slug":"jambon-sec-fume","status":"publish","type":"product","link":"https:\/\/lescochonsdecocagne.be\/fr\/shop\/jambon-sec-fume\/","title":{"rendered":"Jambon sec fum\u00e9"},"content":{"rendered":"","protected":false},"excerpt":{"rendered":"<p>Affin\u00e9 avec soin et d\u00e9licatement fum\u00e9, notre jambon sec fum\u00e9 est une v\u00e9ritable d\u00e9licatesse au go\u00fbt riche et \u00e9quilibr\u00e9. Sa texture fondante et sa saveur subtilement bois\u00e9e offrent une exp\u00e9rience authentique et raffin\u00e9e. \u00c0 d\u00e9guster en fines tranches avec un verre de vin, sur une planche gourmande ou pour sublimer vos cr\u00e9ations culinaires.<\/p>\n<p><strong><em>Disponibles en fines tranches (+\/- 150 g).<\/em><\/strong><\/p>\n","protected":false},"featured_media":4008,"comment_status":"closed","ping_status":"closed","template":"","meta":[],"product_brand":[],"product_cat":[124,122],"product_tag":[],"class_list":{"0":"post-4007","1":"product","2":"type-product","3":"status-publish","4":"has-post-thumbnail","6":"product_cat-charcuteries","7":"product_cat-cuisse","9":"first","10":"instock","11":"shipping-taxable","12":"purchasable","13":"product-type-simple"},"_links":{"self":[{"href":"https:\/\/lescochonsdecocagne.be\/fr\/wp-json\/wp\/v2\/product\/4007","targetHints":{"allow":["GET"]}}],"collection":[{"href":"https:\/\/lescochonsdecocagne.be\/fr\/wp-json\/wp\/v2\/product"}],"about":[{"href":"https:\/\/lescochonsdecocagne.be\/fr\/wp-json\/wp\/v2\/types\/product"}],"replies":[{"embeddable":true,"href":"https:\/\/lescochonsdecocagne.be\/fr\/wp-json\/wp\/v2\/comments?post=4007"}],"wp:featuredmedia":[{"embeddable":true,"href":"https:\/\/lescochonsdecocagne.be\/fr\/wp-json\/wp\/v2\/media\/4008"}],"wp:attachment":[{"href":"https:\/\/lescochonsdecocagne.be\/fr\/wp-json\/wp\/v2\/media?parent=4007"}],"wp:term":[{"taxonomy":"product_brand","embeddable":true,"href":"https:\/\/lescochonsdecocagne.be\/fr\/wp-json\/wp\/v2\/product_brand?post=4007"},{"taxonomy":"product_cat","embeddable":true,"href":"https:\/\/lescochonsdecocagne.be\/fr\/wp-json\/wp\/v2\/product_cat?post=4007"},{"taxonomy":"product_tag","embeddable":true,"href":"https:\/\/lescochonsdecocagne.be\/fr\/wp-json\/wp\/v2\/product_tag?post=4007"}],"curies":[{"name":"wp","href":"https:\/\/api.w.org\/{rel}","templated":true}]}}