{"id":3376,"date":"2024-07-17T09:30:32","date_gmt":"2024-07-17T09:30:32","guid":{"rendered":"https:\/\/lescochonsdecocagne.be\/fr\/?post_type=product&#038;p=3376"},"modified":"2026-02-03T18:33:38","modified_gmt":"2026-02-03T18:33:38","slug":"chorizo","status":"publish","type":"product","link":"https:\/\/lescochonsdecocagne.be\/fr\/shop\/chorizo\/","title":{"rendered":"chorizo"},"content":{"rendered":"","protected":false},"excerpt":{"rendered":"<p>Saucisse s\u00e9ch\u00e9 de mani\u00e8re artisanale avec des \u00e9pices espagnoles typiques. Id\u00e9ale comme ap\u00e9ritif ou dans des plats sp\u00e9ciaux.<\/p>\n<p><strong><em>Un chorizo p\u00e8se environ 100 g.<\/em><\/strong><\/p>\n","protected":false},"featured_media":3237,"comment_status":"closed","ping_status":"closed","template":"","meta":[],"product_brand":[],"product_cat":[124,123],"product_tag":[],"class_list":{"0":"post-3376","1":"product","2":"type-product","3":"status-publish","4":"has-post-thumbnail","6":"product_cat-charcuteries","7":"product_cat-saucisses-et-viande-hachee","9":"first","10":"instock","11":"shipping-taxable","12":"purchasable","13":"product-type-simple"},"_links":{"self":[{"href":"https:\/\/lescochonsdecocagne.be\/fr\/wp-json\/wp\/v2\/product\/3376","targetHints":{"allow":["GET"]}}],"collection":[{"href":"https:\/\/lescochonsdecocagne.be\/fr\/wp-json\/wp\/v2\/product"}],"about":[{"href":"https:\/\/lescochonsdecocagne.be\/fr\/wp-json\/wp\/v2\/types\/product"}],"replies":[{"embeddable":true,"href":"https:\/\/lescochonsdecocagne.be\/fr\/wp-json\/wp\/v2\/comments?post=3376"}],"wp:featuredmedia":[{"embeddable":true,"href":"https:\/\/lescochonsdecocagne.be\/fr\/wp-json\/wp\/v2\/media\/3237"}],"wp:attachment":[{"href":"https:\/\/lescochonsdecocagne.be\/fr\/wp-json\/wp\/v2\/media?parent=3376"}],"wp:term":[{"taxonomy":"product_brand","embeddable":true,"href":"https:\/\/lescochonsdecocagne.be\/fr\/wp-json\/wp\/v2\/product_brand?post=3376"},{"taxonomy":"product_cat","embeddable":true,"href":"https:\/\/lescochonsdecocagne.be\/fr\/wp-json\/wp\/v2\/product_cat?post=3376"},{"taxonomy":"product_tag","embeddable":true,"href":"https:\/\/lescochonsdecocagne.be\/fr\/wp-json\/wp\/v2\/product_tag?post=3376"}],"curies":[{"name":"wp","href":"https:\/\/api.w.org\/{rel}","templated":true}]}}