{"id":3375,"date":"2024-07-17T09:29:54","date_gmt":"2024-07-17T09:29:54","guid":{"rendered":"https:\/\/lescochonsdecocagne.be\/fr\/?post_type=product&#038;p=3375"},"modified":"2026-02-03T18:34:10","modified_gmt":"2026-02-03T18:34:10","slug":"droge-worst","status":"publish","type":"product","link":"https:\/\/lescochonsdecocagne.be\/fr\/shop\/droge-worst\/","title":{"rendered":"Saucisse s\u00e8che"},"content":{"rendered":"","protected":false},"excerpt":{"rendered":"<p>Saucisse de porc en plein air s\u00e8che et finement \u00e9pic\u00e9e.<\/p>\n<p>Parfaite comme ap\u00e9ritif, sur du pain ou simplement le soir dans le canap\u00e9 avec une trappiste\u2026<\/p>\n<p><strong><em>Une saucisse s\u00e8che p\u00e8se environ 100 g.<\/em><\/strong><\/p>\n","protected":false},"featured_media":3241,"comment_status":"closed","ping_status":"closed","template":"","meta":[],"product_brand":[],"product_cat":[124,123],"product_tag":[],"class_list":{"0":"post-3375","1":"product","2":"type-product","3":"status-publish","4":"has-post-thumbnail","6":"product_cat-charcuteries","7":"product_cat-saucisses-et-viande-hachee","9":"first","10":"instock","11":"shipping-taxable","12":"purchasable","13":"product-type-simple"},"_links":{"self":[{"href":"https:\/\/lescochonsdecocagne.be\/fr\/wp-json\/wp\/v2\/product\/3375","targetHints":{"allow":["GET"]}}],"collection":[{"href":"https:\/\/lescochonsdecocagne.be\/fr\/wp-json\/wp\/v2\/product"}],"about":[{"href":"https:\/\/lescochonsdecocagne.be\/fr\/wp-json\/wp\/v2\/types\/product"}],"replies":[{"embeddable":true,"href":"https:\/\/lescochonsdecocagne.be\/fr\/wp-json\/wp\/v2\/comments?post=3375"}],"wp:featuredmedia":[{"embeddable":true,"href":"https:\/\/lescochonsdecocagne.be\/fr\/wp-json\/wp\/v2\/media\/3241"}],"wp:attachment":[{"href":"https:\/\/lescochonsdecocagne.be\/fr\/wp-json\/wp\/v2\/media?parent=3375"}],"wp:term":[{"taxonomy":"product_brand","embeddable":true,"href":"https:\/\/lescochonsdecocagne.be\/fr\/wp-json\/wp\/v2\/product_brand?post=3375"},{"taxonomy":"product_cat","embeddable":true,"href":"https:\/\/lescochonsdecocagne.be\/fr\/wp-json\/wp\/v2\/product_cat?post=3375"},{"taxonomy":"product_tag","embeddable":true,"href":"https:\/\/lescochonsdecocagne.be\/fr\/wp-json\/wp\/v2\/product_tag?post=3375"}],"curies":[{"name":"wp","href":"https:\/\/api.w.org\/{rel}","templated":true}]}}