{"id":3369,"date":"2024-07-17T09:28:09","date_gmt":"2024-07-17T09:28:09","guid":{"rendered":"https:\/\/lescochonsdecocagne.be\/fr\/?post_type=product&#038;p=3369"},"modified":"2026-04-15T14:50:45","modified_gmt":"2026-04-15T14:50:45","slug":"witte-pens","status":"publish","type":"product","link":"https:\/\/lescochonsdecocagne.be\/fr\/shop\/witte-pens\/","title":{"rendered":"Boudin blanc"},"content":{"rendered":"","protected":false},"excerpt":{"rendered":"<p>Un produit ancestral de notre r\u00e9gion, d\u00e9sormais presque introuvable.<\/p>\n<p>Vous pouvez le faire fr\u00e9mir dans la po\u00eale, d\u00e9licieux avec des pommes de terre r\u00f4ties, de la compote ou des pommes saut\u00e9es.<\/p>\n<p>V\u00e9ritable plat d&rsquo;hiver !<\/p>\n<p><strong><em>Emball\u00e9 par 2.<\/em><\/strong><\/p>\n<p><img loading=\"lazy\" decoding=\"async\" class=\"alignnone size-medium wp-image-3909\" src=\"https:\/\/lescochonsdecocagne.be\/fr\/wp-content\/uploads\/2024\/07\/diepvries-FR5-300x96.png\" alt=\"\" width=\"300\" height=\"96\" srcset=\"https:\/\/lescochonsdecocagne.be\/fr\/wp-content\/uploads\/2024\/07\/diepvries-FR5-300x96.png 300w, https:\/\/lescochonsdecocagne.be\/fr\/wp-content\/uploads\/2024\/07\/diepvries-FR5-1024x328.png 1024w, https:\/\/lescochonsdecocagne.be\/fr\/wp-content\/uploads\/2024\/07\/diepvries-FR5-768x246.png 768w, https:\/\/lescochonsdecocagne.be\/fr\/wp-content\/uploads\/2024\/07\/diepvries-FR5-1536x492.png 1536w, https:\/\/lescochonsdecocagne.be\/fr\/wp-content\/uploads\/2024\/07\/diepvries-FR5-2048x655.png 2048w, https:\/\/lescochonsdecocagne.be\/fr\/wp-content\/uploads\/2024\/07\/diepvries-FR5-600x192.png 600w\" sizes=\"auto, (max-width: 300px) 100vw, 300px\" \/><\/p>\n","protected":false},"featured_media":3338,"comment_status":"closed","ping_status":"closed","template":"","meta":[],"product_brand":[],"product_cat":[124,123],"product_tag":[],"class_list":{"0":"post-3369","1":"product","2":"type-product","3":"status-publish","4":"has-post-thumbnail","6":"product_cat-charcuteries","7":"product_cat-saucisses-et-viande-hachee","9":"first","10":"instock","11":"shipping-taxable","12":"purchasable","13":"product-type-simple"},"_links":{"self":[{"href":"https:\/\/lescochonsdecocagne.be\/fr\/wp-json\/wp\/v2\/product\/3369","targetHints":{"allow":["GET"]}}],"collection":[{"href":"https:\/\/lescochonsdecocagne.be\/fr\/wp-json\/wp\/v2\/product"}],"about":[{"href":"https:\/\/lescochonsdecocagne.be\/fr\/wp-json\/wp\/v2\/types\/product"}],"replies":[{"embeddable":true,"href":"https:\/\/lescochonsdecocagne.be\/fr\/wp-json\/wp\/v2\/comments?post=3369"}],"wp:featuredmedia":[{"embeddable":true,"href":"https:\/\/lescochonsdecocagne.be\/fr\/wp-json\/wp\/v2\/media\/3338"}],"wp:attachment":[{"href":"https:\/\/lescochonsdecocagne.be\/fr\/wp-json\/wp\/v2\/media?parent=3369"}],"wp:term":[{"taxonomy":"product_brand","embeddable":true,"href":"https:\/\/lescochonsdecocagne.be\/fr\/wp-json\/wp\/v2\/product_brand?post=3369"},{"taxonomy":"product_cat","embeddable":true,"href":"https:\/\/lescochonsdecocagne.be\/fr\/wp-json\/wp\/v2\/product_cat?post=3369"},{"taxonomy":"product_tag","embeddable":true,"href":"https:\/\/lescochonsdecocagne.be\/fr\/wp-json\/wp\/v2\/product_tag?post=3369"}],"curies":[{"name":"wp","href":"https:\/\/api.w.org\/{rel}","templated":true}]}}