{"id":3363,"date":"2024-07-17T09:19:01","date_gmt":"2024-07-17T09:19:01","guid":{"rendered":"https:\/\/lescochonsdecocagne.be\/fr\/?post_type=product&#038;p=3363"},"modified":"2026-02-21T14:53:00","modified_gmt":"2026-02-21T14:53:00","slug":"bereid-gehakt","status":"publish","type":"product","link":"https:\/\/lescochonsdecocagne.be\/fr\/shop\/bereid-gehakt\/","title":{"rendered":"Hach\u00e9 pr\u00e9par\u00e9"},"content":{"rendered":"","protected":false},"excerpt":{"rendered":"<p>Viande hach\u00e9e pr\u00e9par\u00e9e, 100 % porc, finement moulue et \u00e9pic\u00e9e.<\/p>\n<p>Un hach\u00e9 savoureux id\u00e9al pour diverses pr\u00e9parations, comme les sauces pour spaghetti\u2026<\/p>\n<p><strong><em>Emball\u00e9 par 500 g.<\/em><\/strong><\/p>\n","protected":false},"featured_media":3215,"comment_status":"closed","ping_status":"closed","template":"","meta":[],"product_brand":[],"product_cat":[123],"product_tag":[],"class_list":{"0":"post-3363","1":"product","2":"type-product","3":"status-publish","4":"has-post-thumbnail","6":"product_cat-saucisses-et-viande-hachee","8":"first","9":"instock","10":"shipping-taxable","11":"purchasable","12":"product-type-simple"},"_links":{"self":[{"href":"https:\/\/lescochonsdecocagne.be\/fr\/wp-json\/wp\/v2\/product\/3363","targetHints":{"allow":["GET"]}}],"collection":[{"href":"https:\/\/lescochonsdecocagne.be\/fr\/wp-json\/wp\/v2\/product"}],"about":[{"href":"https:\/\/lescochonsdecocagne.be\/fr\/wp-json\/wp\/v2\/types\/product"}],"replies":[{"embeddable":true,"href":"https:\/\/lescochonsdecocagne.be\/fr\/wp-json\/wp\/v2\/comments?post=3363"}],"wp:featuredmedia":[{"embeddable":true,"href":"https:\/\/lescochonsdecocagne.be\/fr\/wp-json\/wp\/v2\/media\/3215"}],"wp:attachment":[{"href":"https:\/\/lescochonsdecocagne.be\/fr\/wp-json\/wp\/v2\/media?parent=3363"}],"wp:term":[{"taxonomy":"product_brand","embeddable":true,"href":"https:\/\/lescochonsdecocagne.be\/fr\/wp-json\/wp\/v2\/product_brand?post=3363"},{"taxonomy":"product_cat","embeddable":true,"href":"https:\/\/lescochonsdecocagne.be\/fr\/wp-json\/wp\/v2\/product_cat?post=3363"},{"taxonomy":"product_tag","embeddable":true,"href":"https:\/\/lescochonsdecocagne.be\/fr\/wp-json\/wp\/v2\/product_tag?post=3363"}],"curies":[{"name":"wp","href":"https:\/\/api.w.org\/{rel}","templated":true}]}}