{"id":3357,"date":"2024-07-17T09:14:15","date_gmt":"2024-07-17T09:14:15","guid":{"rendered":"https:\/\/lescochonsdecocagne.be\/fr\/?post_type=product&#038;p=3357"},"modified":"2025-11-20T17:55:40","modified_gmt":"2025-11-20T17:55:40","slug":"schnitzel","status":"publish","type":"product","link":"https:\/\/lescochonsdecocagne.be\/fr\/shop\/schnitzel\/","title":{"rendered":"schnitzel paprika"},"content":{"rendered":"","protected":false},"excerpt":{"rendered":"<p>Morceau de jambon tendre enrob\u00e9 d&rsquo;une p\u00e2te \u00e9pic\u00e9e et de chapelure de paprika.<\/p>\n<p>\u00c0 cuire rapidement dans la po\u00eale et c&rsquo;est pr\u00eat. Un plat quotidien.<\/p>\n<p><strong><em>Emball\u00e9 par 2.<\/em><\/strong><\/p>\n","protected":false},"featured_media":3307,"comment_status":"closed","ping_status":"closed","template":"","meta":[],"product_brand":[],"product_cat":[122],"product_tag":[],"class_list":{"0":"post-3357","1":"product","2":"type-product","3":"status-publish","4":"has-post-thumbnail","6":"product_cat-cuisse","8":"first","9":"instock","10":"shipping-taxable","11":"purchasable","12":"product-type-simple"},"_links":{"self":[{"href":"https:\/\/lescochonsdecocagne.be\/fr\/wp-json\/wp\/v2\/product\/3357","targetHints":{"allow":["GET"]}}],"collection":[{"href":"https:\/\/lescochonsdecocagne.be\/fr\/wp-json\/wp\/v2\/product"}],"about":[{"href":"https:\/\/lescochonsdecocagne.be\/fr\/wp-json\/wp\/v2\/types\/product"}],"replies":[{"embeddable":true,"href":"https:\/\/lescochonsdecocagne.be\/fr\/wp-json\/wp\/v2\/comments?post=3357"}],"wp:featuredmedia":[{"embeddable":true,"href":"https:\/\/lescochonsdecocagne.be\/fr\/wp-json\/wp\/v2\/media\/3307"}],"wp:attachment":[{"href":"https:\/\/lescochonsdecocagne.be\/fr\/wp-json\/wp\/v2\/media?parent=3357"}],"wp:term":[{"taxonomy":"product_brand","embeddable":true,"href":"https:\/\/lescochonsdecocagne.be\/fr\/wp-json\/wp\/v2\/product_brand?post=3357"},{"taxonomy":"product_cat","embeddable":true,"href":"https:\/\/lescochonsdecocagne.be\/fr\/wp-json\/wp\/v2\/product_cat?post=3357"},{"taxonomy":"product_tag","embeddable":true,"href":"https:\/\/lescochonsdecocagne.be\/fr\/wp-json\/wp\/v2\/product_tag?post=3357"}],"curies":[{"name":"wp","href":"https:\/\/api.w.org\/{rel}","templated":true}]}}