{"id":3355,"date":"2024-07-17T09:11:37","date_gmt":"2024-07-17T09:11:37","guid":{"rendered":"https:\/\/lescochonsdecocagne.be\/fr\/?post_type=product&#038;p=3355"},"modified":"2024-10-25T21:19:00","modified_gmt":"2024-10-25T21:19:00","slug":"spek-natuur","status":"publish","type":"product","link":"https:\/\/lescochonsdecocagne.be\/fr\/shop\/spek-natuur\/","title":{"rendered":"Lard nature"},"content":{"rendered":"","protected":false},"excerpt":{"rendered":"<p>Viande marbr\u00e9e de gras avec une douce saveur.<\/p>\n<p>Ici, vous go\u00fbtez la qualit\u00e9 des porcs en plein air, le vrai lard d&rsquo;autrefois, pur et non sal\u00e9 !<\/p>\n<p><strong><em>Paquet de +\/- 300 g.<\/em><\/strong><\/p>\n","protected":false},"featured_media":3304,"comment_status":"closed","ping_status":"closed","template":"","meta":[],"product_brand":[],"product_cat":[121],"product_tag":[],"class_list":{"0":"post-3355","1":"product","2":"type-product","3":"status-publish","4":"has-post-thumbnail","6":"product_cat-decentre-dos-et-ventre","8":"first","9":"instock","10":"shipping-taxable","11":"purchasable","12":"product-type-simple"},"_links":{"self":[{"href":"https:\/\/lescochonsdecocagne.be\/fr\/wp-json\/wp\/v2\/product\/3355","targetHints":{"allow":["GET"]}}],"collection":[{"href":"https:\/\/lescochonsdecocagne.be\/fr\/wp-json\/wp\/v2\/product"}],"about":[{"href":"https:\/\/lescochonsdecocagne.be\/fr\/wp-json\/wp\/v2\/types\/product"}],"replies":[{"embeddable":true,"href":"https:\/\/lescochonsdecocagne.be\/fr\/wp-json\/wp\/v2\/comments?post=3355"}],"wp:featuredmedia":[{"embeddable":true,"href":"https:\/\/lescochonsdecocagne.be\/fr\/wp-json\/wp\/v2\/media\/3304"}],"wp:attachment":[{"href":"https:\/\/lescochonsdecocagne.be\/fr\/wp-json\/wp\/v2\/media?parent=3355"}],"wp:term":[{"taxonomy":"product_brand","embeddable":true,"href":"https:\/\/lescochonsdecocagne.be\/fr\/wp-json\/wp\/v2\/product_brand?post=3355"},{"taxonomy":"product_cat","embeddable":true,"href":"https:\/\/lescochonsdecocagne.be\/fr\/wp-json\/wp\/v2\/product_cat?post=3355"},{"taxonomy":"product_tag","embeddable":true,"href":"https:\/\/lescochonsdecocagne.be\/fr\/wp-json\/wp\/v2\/product_tag?post=3355"}],"curies":[{"name":"wp","href":"https:\/\/api.w.org\/{rel}","templated":true}]}}