{"id":3376,"date":"2024-07-17T09:30:32","date_gmt":"2024-07-17T09:30:32","guid":{"rendered":"https:\/\/lescochonsdecocagne.be\/?post_type=product&#038;p=3376"},"modified":"2026-02-01T14:05:06","modified_gmt":"2026-02-01T14:05:06","slug":"chorizo","status":"publish","type":"product","link":"https:\/\/lescochonsdecocagne.be\/be-fr\/boutique\/chorizo\/","title":{"rendered":"chorizo"},"content":{"rendered":"","protected":false},"excerpt":{"rendered":"<p>S\u00e9ch\u00e9 de la m\u00eame mani\u00e8re mais avec des \u00e9pices typiquement espagnoles.<br \/>\nPour en faire une saucisse s\u00e8che l\u00e9g\u00e8rement \u00e9pic\u00e9e.<br \/>\nId\u00e9al \u00e0 l'ap\u00e9ritif ou dans des plats sp\u00e9ciaux.<\/p>\n<p><strong>Une saucisse chorizo p\u00e8se environ 100 g, emball\u00e9e par 2<\/strong><\/p>","protected":false},"featured_media":3237,"comment_status":"closed","ping_status":"closed","template":"","meta":{"rs_blank_template":"","rs_page_bg_color":"","slide_template_v7":""},"product_brand":[],"product_cat":[124,123],"product_tag":[],"class_list":{"0":"post-3376","1":"product","2":"type-product","3":"status-publish","4":"has-post-thumbnail","6":"product_cat-charcuterie","7":"product_cat-worsten-en-gehakt","9":"first","10":"instock","11":"shipping-taxable","12":"purchasable","13":"product-type-simple"},"yoast_head":"<!-- This site is optimized with the Yoast SEO plugin v27.3 - https:\/\/yoast.com\/product\/yoast-seo-wordpress\/ -->\n<title>chorizo | Les Cochons De Cocagne<\/title>\n<meta name=\"robots\" content=\"index, follow, max-snippet:-1, max-image-preview:large, max-video-preview:-1\" \/>\n<link rel=\"canonical\" href=\"https:\/\/lescochonsdecocagne.be\/be-fr\/boutique\/chorizo\/\" \/>\n<meta property=\"og:locale\" content=\"fr_FR\" \/>\n<meta property=\"og:type\" content=\"article\" \/>\n<meta property=\"og:title\" content=\"chorizo | Les Cochons De Cocagne\" \/>\n<meta property=\"og:description\" content=\"Op dezelfde manier gedroogd maar met de typisch Spaanse kruiden om er een licht pikant droog worstje van te maken. Ideaal als aperitief of in speciale gerechten.  Een chorizo worstje weegt ongeveer 100 g, per 2 verpakt\" \/>\n<meta property=\"og:url\" content=\"https:\/\/lescochonsdecocagne.be\/be-fr\/boutique\/chorizo\/\" \/>\n<meta property=\"og:site_name\" content=\"Les Cochons De Cocagne\" \/>\n<meta property=\"article:modified_time\" content=\"2026-02-01T14:05:06+00:00\" \/>\n<meta property=\"og:image\" content=\"https:\/\/lescochonsdecocagne.be\/wp-content\/uploads\/2024\/07\/chorizo___serialized1\ufe56etag222c575-618f8e8222sourceContentTypeimage\ua937jpegignoreAspectRatioresize480480quality85.jpg\" \/>\n\t<meta property=\"og:image:width\" content=\"480\" \/>\n\t<meta property=\"og:image:height\" content=\"480\" \/>\n\t<meta property=\"og:image:type\" content=\"image\/jpeg\" \/>\n<meta name=\"twitter:card\" content=\"summary_large_image\" \/>\n<meta name=\"twitter:label1\" content=\"Dur\u00e9e de lecture est.\" \/>\n\t<meta name=\"twitter:data1\" content=\"1 minute\" \/>\n<script type=\"application\/ld+json\" class=\"yoast-schema-graph\">{\"@context\":\"https:\\\/\\\/schema.org\",\"@graph\":[{\"@type\":\"WebPage\",\"@id\":\"https:\\\/\\\/lescochonsdecocagne.be\\\/shop\\\/chorizo\\\/\",\"url\":\"https:\\\/\\\/lescochonsdecocagne.be\\\/shop\\\/chorizo\\\/\",\"name\":\"chorizo | Les Cochons De Cocagne\",\"isPartOf\":{\"@id\":\"https:\\\/\\\/lescochonsdecocagne.be\\\/#website\"},\"primaryImageOfPage\":{\"@id\":\"https:\\\/\\\/lescochonsdecocagne.be\\\/shop\\\/chorizo\\\/#primaryimage\"},\"image\":{\"@id\":\"https:\\\/\\\/lescochonsdecocagne.be\\\/shop\\\/chorizo\\\/#primaryimage\"},\"thumbnailUrl\":\"https:\\\/\\\/lescochonsdecocagne.be\\\/wp-content\\\/uploads\\\/2024\\\/07\\\/chorizo___serialized1\ufe56etag222c575-618f8e8222sourceContentTypeimage\ua937jpegignoreAspectRatioresize480480quality85.jpg\",\"datePublished\":\"2024-07-17T09:30:32+00:00\",\"dateModified\":\"2026-02-01T14:05:06+00:00\",\"breadcrumb\":{\"@id\":\"https:\\\/\\\/lescochonsdecocagne.be\\\/shop\\\/chorizo\\\/#breadcrumb\"},\"inLanguage\":\"fr-BE\",\"potentialAction\":[{\"@type\":\"ReadAction\",\"target\":[\"https:\\\/\\\/lescochonsdecocagne.be\\\/shop\\\/chorizo\\\/\"]}]},{\"@type\":\"ImageObject\",\"inLanguage\":\"fr-BE\",\"@id\":\"https:\\\/\\\/lescochonsdecocagne.be\\\/shop\\\/chorizo\\\/#primaryimage\",\"url\":\"https:\\\/\\\/lescochonsdecocagne.be\\\/wp-content\\\/uploads\\\/2024\\\/07\\\/chorizo___serialized1\ufe56etag222c575-618f8e8222sourceContentTypeimage\ua937jpegignoreAspectRatioresize480480quality85.jpg\",\"contentUrl\":\"https:\\\/\\\/lescochonsdecocagne.be\\\/wp-content\\\/uploads\\\/2024\\\/07\\\/chorizo___serialized1\ufe56etag222c575-618f8e8222sourceContentTypeimage\ua937jpegignoreAspectRatioresize480480quality85.jpg\",\"width\":480,\"height\":480},{\"@type\":\"BreadcrumbList\",\"@id\":\"https:\\\/\\\/lescochonsdecocagne.be\\\/shop\\\/chorizo\\\/#breadcrumb\",\"itemListElement\":[{\"@type\":\"ListItem\",\"position\":1,\"name\":\"Home\",\"item\":\"https:\\\/\\\/lescochonsdecocagne.be\\\/\"},{\"@type\":\"ListItem\",\"position\":2,\"name\":\"shop\",\"item\":\"https:\\\/\\\/lescochonsdecocagne.be\\\/shop\\\/\"},{\"@type\":\"ListItem\",\"position\":3,\"name\":\"chorizo\"}]},{\"@type\":\"WebSite\",\"@id\":\"https:\\\/\\\/lescochonsdecocagne.be\\\/#website\",\"url\":\"https:\\\/\\\/lescochonsdecocagne.be\\\/\",\"name\":\"LA PAILLOTE\",\"description\":\"Luilekker(e) varkens\",\"publisher\":{\"@id\":\"https:\\\/\\\/lescochonsdecocagne.be\\\/#organization\"},\"potentialAction\":[{\"@type\":\"SearchAction\",\"target\":{\"@type\":\"EntryPoint\",\"urlTemplate\":\"https:\\\/\\\/lescochonsdecocagne.be\\\/?s={search_term_string}\"},\"query-input\":{\"@type\":\"PropertyValueSpecification\",\"valueRequired\":true,\"valueName\":\"search_term_string\"}}],\"inLanguage\":\"fr-BE\"},{\"@type\":\"Organization\",\"@id\":\"https:\\\/\\\/lescochonsdecocagne.be\\\/#organization\",\"name\":\"La paillote\",\"url\":\"https:\\\/\\\/lescochonsdecocagne.be\\\/\",\"logo\":{\"@type\":\"ImageObject\",\"inLanguage\":\"fr-BE\",\"@id\":\"https:\\\/\\\/lescochonsdecocagne.be\\\/#\\\/schema\\\/logo\\\/image\\\/\",\"url\":\"https:\\\/\\\/lescochonsdecocagne.be\\\/wp-content\\\/uploads\\\/2024\\\/07\\\/logo-no-background-1.svg\",\"contentUrl\":\"https:\\\/\\\/lescochonsdecocagne.be\\\/wp-content\\\/uploads\\\/2024\\\/07\\\/logo-no-background-1.svg\",\"width\":1500,\"height\":541,\"caption\":\"La paillote\"},\"image\":{\"@id\":\"https:\\\/\\\/lescochonsdecocagne.be\\\/#\\\/schema\\\/logo\\\/image\\\/\"}}]}<\/script>\n<!-- \/ Yoast SEO plugin. -->","yoast_head_json":{"title":"chorizo | Les Cochons De Cocagne","robots":{"index":"index","follow":"follow","max-snippet":"max-snippet:-1","max-image-preview":"max-image-preview:large","max-video-preview":"max-video-preview:-1"},"canonical":"https:\/\/lescochonsdecocagne.be\/be-fr\/boutique\/chorizo\/","og_locale":"fr_FR","og_type":"article","og_title":"chorizo | Les Cochons De Cocagne","og_description":"Op dezelfde manier gedroogd maar met de typisch Spaanse kruiden om er een licht pikant droog worstje van te maken. Ideaal als aperitief of in speciale gerechten.  Een chorizo worstje weegt ongeveer 100 g, per 2 verpakt","og_url":"https:\/\/lescochonsdecocagne.be\/be-fr\/boutique\/chorizo\/","og_site_name":"Les Cochons De Cocagne","article_modified_time":"2026-02-01T14:05:06+00:00","og_image":[{"width":480,"height":480,"url":"https:\/\/lescochonsdecocagne.be\/wp-content\/uploads\/2024\/07\/chorizo___serialized1\ufe56etag222c575-618f8e8222sourceContentTypeimage\ua937jpegignoreAspectRatioresize480480quality85.jpg","type":"image\/jpeg"}],"twitter_card":"summary_large_image","twitter_misc":{"Dur\u00e9e de lecture est.":"1 minute"},"schema":{"@context":"https:\/\/schema.org","@graph":[{"@type":"WebPage","@id":"https:\/\/lescochonsdecocagne.be\/shop\/chorizo\/","url":"https:\/\/lescochonsdecocagne.be\/shop\/chorizo\/","name":"chorizo | Les Cochons De Cocagne","isPartOf":{"@id":"https:\/\/lescochonsdecocagne.be\/#website"},"primaryImageOfPage":{"@id":"https:\/\/lescochonsdecocagne.be\/shop\/chorizo\/#primaryimage"},"image":{"@id":"https:\/\/lescochonsdecocagne.be\/shop\/chorizo\/#primaryimage"},"thumbnailUrl":"https:\/\/lescochonsdecocagne.be\/wp-content\/uploads\/2024\/07\/chorizo___serialized1\ufe56etag222c575-618f8e8222sourceContentTypeimage\ua937jpegignoreAspectRatioresize480480quality85.jpg","datePublished":"2024-07-17T09:30:32+00:00","dateModified":"2026-02-01T14:05:06+00:00","breadcrumb":{"@id":"https:\/\/lescochonsdecocagne.be\/shop\/chorizo\/#breadcrumb"},"inLanguage":"fr-BE","potentialAction":[{"@type":"ReadAction","target":["https:\/\/lescochonsdecocagne.be\/shop\/chorizo\/"]}]},{"@type":"ImageObject","inLanguage":"fr-BE","@id":"https:\/\/lescochonsdecocagne.be\/shop\/chorizo\/#primaryimage","url":"https:\/\/lescochonsdecocagne.be\/wp-content\/uploads\/2024\/07\/chorizo___serialized1\ufe56etag222c575-618f8e8222sourceContentTypeimage\ua937jpegignoreAspectRatioresize480480quality85.jpg","contentUrl":"https:\/\/lescochonsdecocagne.be\/wp-content\/uploads\/2024\/07\/chorizo___serialized1\ufe56etag222c575-618f8e8222sourceContentTypeimage\ua937jpegignoreAspectRatioresize480480quality85.jpg","width":480,"height":480},{"@type":"BreadcrumbList","@id":"https:\/\/lescochonsdecocagne.be\/shop\/chorizo\/#breadcrumb","itemListElement":[{"@type":"ListItem","position":1,"name":"Home","item":"https:\/\/lescochonsdecocagne.be\/"},{"@type":"ListItem","position":2,"name":"shop","item":"https:\/\/lescochonsdecocagne.be\/shop\/"},{"@type":"ListItem","position":3,"name":"chorizo"}]},{"@type":"WebSite","@id":"https:\/\/lescochonsdecocagne.be\/#website","url":"https:\/\/lescochonsdecocagne.be\/","name":"LA PAILLOTE","description":"Les cochons de Cocagne","publisher":{"@id":"https:\/\/lescochonsdecocagne.be\/#organization"},"potentialAction":[{"@type":"SearchAction","target":{"@type":"EntryPoint","urlTemplate":"https:\/\/lescochonsdecocagne.be\/?s={search_term_string}"},"query-input":{"@type":"PropertyValueSpecification","valueRequired":true,"valueName":"search_term_string"}}],"inLanguage":"fr-BE"},{"@type":"Organization","@id":"https:\/\/lescochonsdecocagne.be\/#organization","name":"La paillote","url":"https:\/\/lescochonsdecocagne.be\/","logo":{"@type":"ImageObject","inLanguage":"fr-BE","@id":"https:\/\/lescochonsdecocagne.be\/#\/schema\/logo\/image\/","url":"https:\/\/lescochonsdecocagne.be\/wp-content\/uploads\/2024\/07\/logo-no-background-1.svg","contentUrl":"https:\/\/lescochonsdecocagne.be\/wp-content\/uploads\/2024\/07\/logo-no-background-1.svg","width":1500,"height":541,"caption":"La paillote"},"image":{"@id":"https:\/\/lescochonsdecocagne.be\/#\/schema\/logo\/image\/"}}]}},"_links":{"self":[{"href":"https:\/\/lescochonsdecocagne.be\/be-fr\/wp-json\/wp\/v2\/product\/3376","targetHints":{"allow":["GET"]}}],"collection":[{"href":"https:\/\/lescochonsdecocagne.be\/be-fr\/wp-json\/wp\/v2\/product"}],"about":[{"href":"https:\/\/lescochonsdecocagne.be\/be-fr\/wp-json\/wp\/v2\/types\/product"}],"replies":[{"embeddable":true,"href":"https:\/\/lescochonsdecocagne.be\/be-fr\/wp-json\/wp\/v2\/comments?post=3376"}],"wp:featuredmedia":[{"embeddable":true,"href":"https:\/\/lescochonsdecocagne.be\/be-fr\/wp-json\/wp\/v2\/media\/3237"}],"wp:attachment":[{"href":"https:\/\/lescochonsdecocagne.be\/be-fr\/wp-json\/wp\/v2\/media?parent=3376"}],"wp:term":[{"taxonomy":"product_brand","embeddable":true,"href":"https:\/\/lescochonsdecocagne.be\/be-fr\/wp-json\/wp\/v2\/product_brand?post=3376"},{"taxonomy":"product_cat","embeddable":true,"href":"https:\/\/lescochonsdecocagne.be\/be-fr\/wp-json\/wp\/v2\/product_cat?post=3376"},{"taxonomy":"product_tag","embeddable":true,"href":"https:\/\/lescochonsdecocagne.be\/be-fr\/wp-json\/wp\/v2\/product_tag?post=3376"}],"curies":[{"name":"wp","href":"https:\/\/api.w.org\/{rel}","templated":true}]}}