{"id":3373,"date":"2024-07-17T09:30:11","date_gmt":"2024-07-17T09:30:11","guid":{"rendered":"https:\/\/lescochonsdecocagne.be\/?post_type=product&#038;p=3373"},"modified":"2026-03-22T16:27:28","modified_gmt":"2026-03-22T16:27:28","slug":"saucisse-cervela","status":"publish","type":"product","link":"https:\/\/lescochonsdecocagne.be\/be-fr\/boutique\/saucisse-cervela\/","title":{"rendered":"Cervelas"},"content":{"rendered":"","protected":false},"excerpt":{"rendered":"<p>Fabriqu\u00e9s \u00e0 partir de viande de porc. Ils ne sont donc pas comparables \u00e0 ceux de la friteuse.<br \/>\nC'est la saucisse folklorique num\u00e9ro un, accompagn\u00e9e d'un verre de bi\u00e8re. Ou simplement en tranches savoureuses avec un sandwich.<\/p>\n<p><strong>toujours emball\u00e9 par 2 pi\u00e8ces<\/strong><\/p>","protected":false},"featured_media":3231,"comment_status":"closed","ping_status":"closed","template":"","meta":{"rs_blank_template":"","rs_page_bg_color":"","slide_template_v7":""},"product_brand":[],"product_cat":[124,123],"product_tag":[],"class_list":{"0":"post-3373","1":"product","2":"type-product","3":"status-publish","4":"has-post-thumbnail","6":"product_cat-charcuterie","7":"product_cat-worsten-en-gehakt","9":"first","10":"instock","11":"shipping-taxable","12":"purchasable","13":"product-type-simple"},"yoast_head":"<!-- This site is optimized with the Yoast SEO plugin v27.3 - https:\/\/yoast.com\/product\/yoast-seo-wordpress\/ -->\n<title>cervela worst | Les Cochons De Cocagne<\/title>\n<meta name=\"robots\" content=\"index, follow, max-snippet:-1, max-image-preview:large, max-video-preview:-1\" \/>\n<link rel=\"canonical\" href=\"https:\/\/lescochonsdecocagne.be\/be-fr\/boutique\/saucisse-cervela\/\" \/>\n<meta property=\"og:locale\" content=\"fr_FR\" \/>\n<meta property=\"og:type\" content=\"article\" \/>\n<meta property=\"og:title\" content=\"cervela worst | Les Cochons De Cocagne\" \/>\n<meta property=\"og:description\" content=\"Gemaakt van puur varkensvlees. Dus niet te vergelijken met die uit de frituur. Dit is volksworst nummer 1 bij een glas bier. Of gewoon in smakelijke schijfjes bij de boterham.  altijd per 2 stuks verpakt\" \/>\n<meta property=\"og:url\" content=\"https:\/\/lescochonsdecocagne.be\/be-fr\/boutique\/saucisse-cervela\/\" \/>\n<meta property=\"og:site_name\" content=\"Les Cochons De Cocagne\" \/>\n<meta property=\"article:modified_time\" content=\"2026-03-22T16:27:28+00:00\" \/>\n<meta property=\"og:image\" content=\"https:\/\/lescochonsdecocagne.be\/wp-content\/uploads\/2024\/07\/cervela\ufe56etag2216451-6034159422sourceContentTypeimage\ua937jpegignoreAspectRatioresize640480extract1590480480quality85.jpg\" \/>\n\t<meta property=\"og:image:width\" content=\"480\" \/>\n\t<meta property=\"og:image:height\" content=\"480\" \/>\n\t<meta property=\"og:image:type\" content=\"image\/jpeg\" \/>\n<meta name=\"twitter:card\" content=\"summary_large_image\" \/>\n<script type=\"application\/ld+json\" class=\"yoast-schema-graph\">{\"@context\":\"https:\\\/\\\/schema.org\",\"@graph\":[{\"@type\":\"WebPage\",\"@id\":\"https:\\\/\\\/lescochonsdecocagne.be\\\/shop\\\/cervela-worst\\\/\",\"url\":\"https:\\\/\\\/lescochonsdecocagne.be\\\/shop\\\/cervela-worst\\\/\",\"name\":\"cervela worst | Les Cochons De Cocagne\",\"isPartOf\":{\"@id\":\"https:\\\/\\\/lescochonsdecocagne.be\\\/#website\"},\"primaryImageOfPage\":{\"@id\":\"https:\\\/\\\/lescochonsdecocagne.be\\\/shop\\\/cervela-worst\\\/#primaryimage\"},\"image\":{\"@id\":\"https:\\\/\\\/lescochonsdecocagne.be\\\/shop\\\/cervela-worst\\\/#primaryimage\"},\"thumbnailUrl\":\"https:\\\/\\\/lescochonsdecocagne.be\\\/wp-content\\\/uploads\\\/2024\\\/07\\\/cervela\ufe56etag2216451-6034159422sourceContentTypeimage\ua937jpegignoreAspectRatioresize640480extract1590480480quality85.jpg\",\"datePublished\":\"2024-07-17T09:30:11+00:00\",\"dateModified\":\"2026-03-22T16:27:28+00:00\",\"breadcrumb\":{\"@id\":\"https:\\\/\\\/lescochonsdecocagne.be\\\/shop\\\/cervela-worst\\\/#breadcrumb\"},\"inLanguage\":\"fr-BE\",\"potentialAction\":[{\"@type\":\"ReadAction\",\"target\":[\"https:\\\/\\\/lescochonsdecocagne.be\\\/shop\\\/cervela-worst\\\/\"]}]},{\"@type\":\"ImageObject\",\"inLanguage\":\"fr-BE\",\"@id\":\"https:\\\/\\\/lescochonsdecocagne.be\\\/shop\\\/cervela-worst\\\/#primaryimage\",\"url\":\"https:\\\/\\\/lescochonsdecocagne.be\\\/wp-content\\\/uploads\\\/2024\\\/07\\\/cervela\ufe56etag2216451-6034159422sourceContentTypeimage\ua937jpegignoreAspectRatioresize640480extract1590480480quality85.jpg\",\"contentUrl\":\"https:\\\/\\\/lescochonsdecocagne.be\\\/wp-content\\\/uploads\\\/2024\\\/07\\\/cervela\ufe56etag2216451-6034159422sourceContentTypeimage\ua937jpegignoreAspectRatioresize640480extract1590480480quality85.jpg\",\"width\":480,\"height\":480},{\"@type\":\"BreadcrumbList\",\"@id\":\"https:\\\/\\\/lescochonsdecocagne.be\\\/shop\\\/cervela-worst\\\/#breadcrumb\",\"itemListElement\":[{\"@type\":\"ListItem\",\"position\":1,\"name\":\"Home\",\"item\":\"https:\\\/\\\/lescochonsdecocagne.be\\\/\"},{\"@type\":\"ListItem\",\"position\":2,\"name\":\"shop\",\"item\":\"https:\\\/\\\/lescochonsdecocagne.be\\\/shop\\\/\"},{\"@type\":\"ListItem\",\"position\":3,\"name\":\"cervela worst\"}]},{\"@type\":\"WebSite\",\"@id\":\"https:\\\/\\\/lescochonsdecocagne.be\\\/#website\",\"url\":\"https:\\\/\\\/lescochonsdecocagne.be\\\/\",\"name\":\"LA PAILLOTE\",\"description\":\"Luilekker(e) varkens\",\"publisher\":{\"@id\":\"https:\\\/\\\/lescochonsdecocagne.be\\\/#organization\"},\"potentialAction\":[{\"@type\":\"SearchAction\",\"target\":{\"@type\":\"EntryPoint\",\"urlTemplate\":\"https:\\\/\\\/lescochonsdecocagne.be\\\/?s={search_term_string}\"},\"query-input\":{\"@type\":\"PropertyValueSpecification\",\"valueRequired\":true,\"valueName\":\"search_term_string\"}}],\"inLanguage\":\"fr-BE\"},{\"@type\":\"Organization\",\"@id\":\"https:\\\/\\\/lescochonsdecocagne.be\\\/#organization\",\"name\":\"La paillote\",\"url\":\"https:\\\/\\\/lescochonsdecocagne.be\\\/\",\"logo\":{\"@type\":\"ImageObject\",\"inLanguage\":\"fr-BE\",\"@id\":\"https:\\\/\\\/lescochonsdecocagne.be\\\/#\\\/schema\\\/logo\\\/image\\\/\",\"url\":\"https:\\\/\\\/lescochonsdecocagne.be\\\/wp-content\\\/uploads\\\/2024\\\/07\\\/logo-no-background-1.svg\",\"contentUrl\":\"https:\\\/\\\/lescochonsdecocagne.be\\\/wp-content\\\/uploads\\\/2024\\\/07\\\/logo-no-background-1.svg\",\"width\":1500,\"height\":541,\"caption\":\"La paillote\"},\"image\":{\"@id\":\"https:\\\/\\\/lescochonsdecocagne.be\\\/#\\\/schema\\\/logo\\\/image\\\/\"}}]}<\/script>\n<!-- \/ Yoast SEO plugin. -->","yoast_head_json":{"title":"cervela saucisse | Les Cochons De Cocagne","robots":{"index":"index","follow":"follow","max-snippet":"max-snippet:-1","max-image-preview":"max-image-preview:large","max-video-preview":"max-video-preview:-1"},"canonical":"https:\/\/lescochonsdecocagne.be\/be-fr\/boutique\/saucisse-cervela\/","og_locale":"fr_FR","og_type":"article","og_title":"cervela worst | Les Cochons De Cocagne","og_description":"Gemaakt van puur varkensvlees. Dus niet te vergelijken met die uit de frituur. Dit is volksworst nummer 1 bij een glas bier. Of gewoon in smakelijke schijfjes bij de boterham.  altijd per 2 stuks verpakt","og_url":"https:\/\/lescochonsdecocagne.be\/be-fr\/boutique\/saucisse-cervela\/","og_site_name":"Les Cochons De Cocagne","article_modified_time":"2026-03-22T16:27:28+00:00","og_image":[{"width":480,"height":480,"url":"https:\/\/lescochonsdecocagne.be\/wp-content\/uploads\/2024\/07\/cervela\ufe56etag2216451-6034159422sourceContentTypeimage\ua937jpegignoreAspectRatioresize640480extract1590480480quality85.jpg","type":"image\/jpeg"}],"twitter_card":"summary_large_image","schema":{"@context":"https:\/\/schema.org","@graph":[{"@type":"WebPage","@id":"https:\/\/lescochonsdecocagne.be\/shop\/cervela-worst\/","url":"https:\/\/lescochonsdecocagne.be\/shop\/cervela-worst\/","name":"cervela saucisse | Les Cochons De Cocagne","isPartOf":{"@id":"https:\/\/lescochonsdecocagne.be\/#website"},"primaryImageOfPage":{"@id":"https:\/\/lescochonsdecocagne.be\/shop\/cervela-worst\/#primaryimage"},"image":{"@id":"https:\/\/lescochonsdecocagne.be\/shop\/cervela-worst\/#primaryimage"},"thumbnailUrl":"https:\/\/lescochonsdecocagne.be\/wp-content\/uploads\/2024\/07\/cervela\ufe56etag2216451-6034159422sourceContentTypeimage\ua937jpegignoreAspectRatioresize640480extract1590480480quality85.jpg","datePublished":"2024-07-17T09:30:11+00:00","dateModified":"2026-03-22T16:27:28+00:00","breadcrumb":{"@id":"https:\/\/lescochonsdecocagne.be\/shop\/cervela-worst\/#breadcrumb"},"inLanguage":"fr-BE","potentialAction":[{"@type":"ReadAction","target":["https:\/\/lescochonsdecocagne.be\/shop\/cervela-worst\/"]}]},{"@type":"ImageObject","inLanguage":"fr-BE","@id":"https:\/\/lescochonsdecocagne.be\/shop\/cervela-worst\/#primaryimage","url":"https:\/\/lescochonsdecocagne.be\/wp-content\/uploads\/2024\/07\/cervela\ufe56etag2216451-6034159422sourceContentTypeimage\ua937jpegignoreAspectRatioresize640480extract1590480480quality85.jpg","contentUrl":"https:\/\/lescochonsdecocagne.be\/wp-content\/uploads\/2024\/07\/cervela\ufe56etag2216451-6034159422sourceContentTypeimage\ua937jpegignoreAspectRatioresize640480extract1590480480quality85.jpg","width":480,"height":480},{"@type":"BreadcrumbList","@id":"https:\/\/lescochonsdecocagne.be\/shop\/cervela-worst\/#breadcrumb","itemListElement":[{"@type":"ListItem","position":1,"name":"Home","item":"https:\/\/lescochonsdecocagne.be\/"},{"@type":"ListItem","position":2,"name":"shop","item":"https:\/\/lescochonsdecocagne.be\/shop\/"},{"@type":"ListItem","position":3,"name":"cervela worst"}]},{"@type":"WebSite","@id":"https:\/\/lescochonsdecocagne.be\/#website","url":"https:\/\/lescochonsdecocagne.be\/","name":"LA PAILLOTE","description":"Les cochons de Cocagne","publisher":{"@id":"https:\/\/lescochonsdecocagne.be\/#organization"},"potentialAction":[{"@type":"SearchAction","target":{"@type":"EntryPoint","urlTemplate":"https:\/\/lescochonsdecocagne.be\/?s={search_term_string}"},"query-input":{"@type":"PropertyValueSpecification","valueRequired":true,"valueName":"search_term_string"}}],"inLanguage":"fr-BE"},{"@type":"Organization","@id":"https:\/\/lescochonsdecocagne.be\/#organization","name":"La paillote","url":"https:\/\/lescochonsdecocagne.be\/","logo":{"@type":"ImageObject","inLanguage":"fr-BE","@id":"https:\/\/lescochonsdecocagne.be\/#\/schema\/logo\/image\/","url":"https:\/\/lescochonsdecocagne.be\/wp-content\/uploads\/2024\/07\/logo-no-background-1.svg","contentUrl":"https:\/\/lescochonsdecocagne.be\/wp-content\/uploads\/2024\/07\/logo-no-background-1.svg","width":1500,"height":541,"caption":"La paillote"},"image":{"@id":"https:\/\/lescochonsdecocagne.be\/#\/schema\/logo\/image\/"}}]}},"_links":{"self":[{"href":"https:\/\/lescochonsdecocagne.be\/be-fr\/wp-json\/wp\/v2\/product\/3373","targetHints":{"allow":["GET"]}}],"collection":[{"href":"https:\/\/lescochonsdecocagne.be\/be-fr\/wp-json\/wp\/v2\/product"}],"about":[{"href":"https:\/\/lescochonsdecocagne.be\/be-fr\/wp-json\/wp\/v2\/types\/product"}],"replies":[{"embeddable":true,"href":"https:\/\/lescochonsdecocagne.be\/be-fr\/wp-json\/wp\/v2\/comments?post=3373"}],"wp:featuredmedia":[{"embeddable":true,"href":"https:\/\/lescochonsdecocagne.be\/be-fr\/wp-json\/wp\/v2\/media\/3231"}],"wp:attachment":[{"href":"https:\/\/lescochonsdecocagne.be\/be-fr\/wp-json\/wp\/v2\/media?parent=3373"}],"wp:term":[{"taxonomy":"product_brand","embeddable":true,"href":"https:\/\/lescochonsdecocagne.be\/be-fr\/wp-json\/wp\/v2\/product_brand?post=3373"},{"taxonomy":"product_cat","embeddable":true,"href":"https:\/\/lescochonsdecocagne.be\/be-fr\/wp-json\/wp\/v2\/product_cat?post=3373"},{"taxonomy":"product_tag","embeddable":true,"href":"https:\/\/lescochonsdecocagne.be\/be-fr\/wp-json\/wp\/v2\/product_tag?post=3373"}],"curies":[{"name":"wp","href":"https:\/\/api.w.org\/{rel}","templated":true}]}}