{"id":3371,"date":"2024-07-17T09:29:33","date_gmt":"2024-07-17T09:29:33","guid":{"rendered":"https:\/\/lescochonsdecocagne.be\/?post_type=product&#038;p=3371"},"modified":"2026-02-21T14:35:21","modified_gmt":"2026-02-21T14:35:21","slug":"pate-frit","status":"publish","type":"product","link":"https:\/\/lescochonsdecocagne.be\/be-fr\/boutique\/pate-frit\/","title":{"rendered":"P\u00e2t\u00e9 cuit"},"content":{"rendered":"","protected":false},"excerpt":{"rendered":"<p>Gr\u00e2ce \u00e0 des m\u00e9thodes artisanales, la viande est finement hach\u00e9e,<br \/>\nLe foie et les \u00e9pices sont cuits lentement au bain Marie.<br \/>\nC'est de l\u00e0 que vient sa belle couleur fonc\u00e9e.<br \/>\nIl s'agit d'un p\u00e2t\u00e9 fin qui peut \u00eatre tranch\u00e9 et qui est tout simplement d\u00e9licieux dans un sandwich.<br \/>\nAvec un peu de moutarde, comme au bon vieux temps !<\/p>\n<p><strong>en barquettes de +\/- 350 gr.<\/strong><\/p>","protected":false},"featured_media":3280,"comment_status":"closed","ping_status":"closed","template":"","meta":{"rs_blank_template":"","rs_page_bg_color":"","slide_template_v7":""},"product_brand":[],"product_cat":[124],"product_tag":[],"class_list":{"0":"post-3371","1":"product","2":"type-product","3":"status-publish","4":"has-post-thumbnail","6":"product_cat-charcuterie","8":"first","9":"instock","10":"shipping-taxable","11":"purchasable","12":"product-type-simple"},"yoast_head":"<!-- This site is optimized with the Yoast SEO plugin v27.3 - https:\/\/yoast.com\/product\/yoast-seo-wordpress\/ -->\n<title>gebakken pat\u00e9 | Les Cochons De Cocagne<\/title>\n<meta name=\"robots\" content=\"index, follow, max-snippet:-1, max-image-preview:large, max-video-preview:-1\" \/>\n<link rel=\"canonical\" href=\"https:\/\/lescochonsdecocagne.be\/be-fr\/boutique\/pate-frit\/\" \/>\n<meta property=\"og:locale\" content=\"fr_FR\" \/>\n<meta property=\"og:type\" content=\"article\" \/>\n<meta property=\"og:title\" content=\"gebakken pat\u00e9 | Les Cochons De Cocagne\" \/>\n<meta property=\"og:description\" content=\"Op ambachtelijke wijze worden het fijngemalen vlees, lever en kruiden langzaam &quot;au bain Marie&quot; afgebakken in de oven. Daar krijgt hij zijn mooie donkere kleur. Het is een fijne pat\u00e9 die in plakken kan gesneden worden en gewoon lekker is op een boterham. Met een klein beetje mosterd, net als vroeger!  in bakjes van +\/- 350 gr.\" \/>\n<meta property=\"og:url\" content=\"https:\/\/lescochonsdecocagne.be\/be-fr\/boutique\/pate-frit\/\" \/>\n<meta property=\"og:site_name\" content=\"Les Cochons De Cocagne\" \/>\n<meta property=\"article:modified_time\" content=\"2026-02-21T14:35:21+00:00\" \/>\n<meta property=\"og:image\" content=\"https:\/\/lescochonsdecocagne.be\/wp-content\/uploads\/2024\/07\/IMG_0435___serialized3.JPG\ufe56etag223b99e-5fc2a55522sourceContentTypeimage\ua937jpegignoreAspectRatioresize480480quality85.jpeg\" \/>\n\t<meta property=\"og:image:width\" content=\"480\" \/>\n\t<meta property=\"og:image:height\" content=\"480\" \/>\n\t<meta property=\"og:image:type\" content=\"image\/jpeg\" \/>\n<meta name=\"twitter:card\" content=\"summary_large_image\" \/>\n<meta name=\"twitter:label1\" content=\"Dur\u00e9e de lecture est.\" \/>\n\t<meta name=\"twitter:data1\" content=\"1 minute\" \/>\n<script type=\"application\/ld+json\" class=\"yoast-schema-graph\">{\"@context\":\"https:\\\/\\\/schema.org\",\"@graph\":[{\"@type\":\"WebPage\",\"@id\":\"https:\\\/\\\/lescochonsdecocagne.be\\\/shop\\\/gebakken-pate\\\/\",\"url\":\"https:\\\/\\\/lescochonsdecocagne.be\\\/shop\\\/gebakken-pate\\\/\",\"name\":\"gebakken pat\u00e9 | Les Cochons De Cocagne\",\"isPartOf\":{\"@id\":\"https:\\\/\\\/lescochonsdecocagne.be\\\/#website\"},\"primaryImageOfPage\":{\"@id\":\"https:\\\/\\\/lescochonsdecocagne.be\\\/shop\\\/gebakken-pate\\\/#primaryimage\"},\"image\":{\"@id\":\"https:\\\/\\\/lescochonsdecocagne.be\\\/shop\\\/gebakken-pate\\\/#primaryimage\"},\"thumbnailUrl\":\"https:\\\/\\\/lescochonsdecocagne.be\\\/wp-content\\\/uploads\\\/2024\\\/07\\\/IMG_0435___serialized3.JPG\ufe56etag223b99e-5fc2a55522sourceContentTypeimage\ua937jpegignoreAspectRatioresize480480quality85.jpeg\",\"datePublished\":\"2024-07-17T09:29:33+00:00\",\"dateModified\":\"2026-02-21T14:35:21+00:00\",\"breadcrumb\":{\"@id\":\"https:\\\/\\\/lescochonsdecocagne.be\\\/shop\\\/gebakken-pate\\\/#breadcrumb\"},\"inLanguage\":\"fr-BE\",\"potentialAction\":[{\"@type\":\"ReadAction\",\"target\":[\"https:\\\/\\\/lescochonsdecocagne.be\\\/shop\\\/gebakken-pate\\\/\"]}]},{\"@type\":\"ImageObject\",\"inLanguage\":\"fr-BE\",\"@id\":\"https:\\\/\\\/lescochonsdecocagne.be\\\/shop\\\/gebakken-pate\\\/#primaryimage\",\"url\":\"https:\\\/\\\/lescochonsdecocagne.be\\\/wp-content\\\/uploads\\\/2024\\\/07\\\/IMG_0435___serialized3.JPG\ufe56etag223b99e-5fc2a55522sourceContentTypeimage\ua937jpegignoreAspectRatioresize480480quality85.jpeg\",\"contentUrl\":\"https:\\\/\\\/lescochonsdecocagne.be\\\/wp-content\\\/uploads\\\/2024\\\/07\\\/IMG_0435___serialized3.JPG\ufe56etag223b99e-5fc2a55522sourceContentTypeimage\ua937jpegignoreAspectRatioresize480480quality85.jpeg\",\"width\":480,\"height\":480},{\"@type\":\"BreadcrumbList\",\"@id\":\"https:\\\/\\\/lescochonsdecocagne.be\\\/shop\\\/gebakken-pate\\\/#breadcrumb\",\"itemListElement\":[{\"@type\":\"ListItem\",\"position\":1,\"name\":\"Home\",\"item\":\"https:\\\/\\\/lescochonsdecocagne.be\\\/\"},{\"@type\":\"ListItem\",\"position\":2,\"name\":\"shop\",\"item\":\"https:\\\/\\\/lescochonsdecocagne.be\\\/shop\\\/\"},{\"@type\":\"ListItem\",\"position\":3,\"name\":\"gebakken pat\u00e9\"}]},{\"@type\":\"WebSite\",\"@id\":\"https:\\\/\\\/lescochonsdecocagne.be\\\/#website\",\"url\":\"https:\\\/\\\/lescochonsdecocagne.be\\\/\",\"name\":\"LA PAILLOTE\",\"description\":\"Luilekker(e) varkens\",\"publisher\":{\"@id\":\"https:\\\/\\\/lescochonsdecocagne.be\\\/#organization\"},\"potentialAction\":[{\"@type\":\"SearchAction\",\"target\":{\"@type\":\"EntryPoint\",\"urlTemplate\":\"https:\\\/\\\/lescochonsdecocagne.be\\\/?s={search_term_string}\"},\"query-input\":{\"@type\":\"PropertyValueSpecification\",\"valueRequired\":true,\"valueName\":\"search_term_string\"}}],\"inLanguage\":\"fr-BE\"},{\"@type\":\"Organization\",\"@id\":\"https:\\\/\\\/lescochonsdecocagne.be\\\/#organization\",\"name\":\"La paillote\",\"url\":\"https:\\\/\\\/lescochonsdecocagne.be\\\/\",\"logo\":{\"@type\":\"ImageObject\",\"inLanguage\":\"fr-BE\",\"@id\":\"https:\\\/\\\/lescochonsdecocagne.be\\\/#\\\/schema\\\/logo\\\/image\\\/\",\"url\":\"https:\\\/\\\/lescochonsdecocagne.be\\\/wp-content\\\/uploads\\\/2024\\\/07\\\/logo-no-background-1.svg\",\"contentUrl\":\"https:\\\/\\\/lescochonsdecocagne.be\\\/wp-content\\\/uploads\\\/2024\\\/07\\\/logo-no-background-1.svg\",\"width\":1500,\"height\":541,\"caption\":\"La paillote\"},\"image\":{\"@id\":\"https:\\\/\\\/lescochonsdecocagne.be\\\/#\\\/schema\\\/logo\\\/image\\\/\"}}]}<\/script>\n<!-- \/ Yoast SEO plugin. -->","yoast_head_json":{"title":"p\u00e2t\u00e9 frites | Les Cochons De Cocagne","robots":{"index":"index","follow":"follow","max-snippet":"max-snippet:-1","max-image-preview":"max-image-preview:large","max-video-preview":"max-video-preview:-1"},"canonical":"https:\/\/lescochonsdecocagne.be\/be-fr\/boutique\/pate-frit\/","og_locale":"fr_FR","og_type":"article","og_title":"gebakken pat\u00e9 | Les Cochons De Cocagne","og_description":"Op ambachtelijke wijze worden het fijngemalen vlees, lever en kruiden langzaam \"au bain Marie\" afgebakken in de oven. Daar krijgt hij zijn mooie donkere kleur. Het is een fijne pat\u00e9 die in plakken kan gesneden worden en gewoon lekker is op een boterham. Met een klein beetje mosterd, net als vroeger!  in bakjes van +\/- 350 gr.","og_url":"https:\/\/lescochonsdecocagne.be\/be-fr\/boutique\/pate-frit\/","og_site_name":"Les Cochons De Cocagne","article_modified_time":"2026-02-21T14:35:21+00:00","og_image":[{"width":480,"height":480,"url":"https:\/\/lescochonsdecocagne.be\/wp-content\/uploads\/2024\/07\/IMG_0435___serialized3.JPG\ufe56etag223b99e-5fc2a55522sourceContentTypeimage\ua937jpegignoreAspectRatioresize480480quality85.jpeg","type":"image\/jpeg"}],"twitter_card":"summary_large_image","twitter_misc":{"Dur\u00e9e de lecture est.":"1 minute"},"schema":{"@context":"https:\/\/schema.org","@graph":[{"@type":"WebPage","@id":"https:\/\/lescochonsdecocagne.be\/shop\/gebakken-pate\/","url":"https:\/\/lescochonsdecocagne.be\/shop\/gebakken-pate\/","name":"p\u00e2t\u00e9 frites | Les Cochons De Cocagne","isPartOf":{"@id":"https:\/\/lescochonsdecocagne.be\/#website"},"primaryImageOfPage":{"@id":"https:\/\/lescochonsdecocagne.be\/shop\/gebakken-pate\/#primaryimage"},"image":{"@id":"https:\/\/lescochonsdecocagne.be\/shop\/gebakken-pate\/#primaryimage"},"thumbnailUrl":"https:\/\/lescochonsdecocagne.be\/wp-content\/uploads\/2024\/07\/IMG_0435___serialized3.JPG\ufe56etag223b99e-5fc2a55522sourceContentTypeimage\ua937jpegignoreAspectRatioresize480480quality85.jpeg","datePublished":"2024-07-17T09:29:33+00:00","dateModified":"2026-02-21T14:35:21+00:00","breadcrumb":{"@id":"https:\/\/lescochonsdecocagne.be\/shop\/gebakken-pate\/#breadcrumb"},"inLanguage":"fr-BE","potentialAction":[{"@type":"ReadAction","target":["https:\/\/lescochonsdecocagne.be\/shop\/gebakken-pate\/"]}]},{"@type":"ImageObject","inLanguage":"fr-BE","@id":"https:\/\/lescochonsdecocagne.be\/shop\/gebakken-pate\/#primaryimage","url":"https:\/\/lescochonsdecocagne.be\/wp-content\/uploads\/2024\/07\/IMG_0435___serialized3.JPG\ufe56etag223b99e-5fc2a55522sourceContentTypeimage\ua937jpegignoreAspectRatioresize480480quality85.jpeg","contentUrl":"https:\/\/lescochonsdecocagne.be\/wp-content\/uploads\/2024\/07\/IMG_0435___serialized3.JPG\ufe56etag223b99e-5fc2a55522sourceContentTypeimage\ua937jpegignoreAspectRatioresize480480quality85.jpeg","width":480,"height":480},{"@type":"BreadcrumbList","@id":"https:\/\/lescochonsdecocagne.be\/shop\/gebakken-pate\/#breadcrumb","itemListElement":[{"@type":"ListItem","position":1,"name":"Home","item":"https:\/\/lescochonsdecocagne.be\/"},{"@type":"ListItem","position":2,"name":"shop","item":"https:\/\/lescochonsdecocagne.be\/shop\/"},{"@type":"ListItem","position":3,"name":"gebakken pat\u00e9"}]},{"@type":"WebSite","@id":"https:\/\/lescochonsdecocagne.be\/#website","url":"https:\/\/lescochonsdecocagne.be\/","name":"LA PAILLOTE","description":"Les cochons de Cocagne","publisher":{"@id":"https:\/\/lescochonsdecocagne.be\/#organization"},"potentialAction":[{"@type":"SearchAction","target":{"@type":"EntryPoint","urlTemplate":"https:\/\/lescochonsdecocagne.be\/?s={search_term_string}"},"query-input":{"@type":"PropertyValueSpecification","valueRequired":true,"valueName":"search_term_string"}}],"inLanguage":"fr-BE"},{"@type":"Organization","@id":"https:\/\/lescochonsdecocagne.be\/#organization","name":"La paillote","url":"https:\/\/lescochonsdecocagne.be\/","logo":{"@type":"ImageObject","inLanguage":"fr-BE","@id":"https:\/\/lescochonsdecocagne.be\/#\/schema\/logo\/image\/","url":"https:\/\/lescochonsdecocagne.be\/wp-content\/uploads\/2024\/07\/logo-no-background-1.svg","contentUrl":"https:\/\/lescochonsdecocagne.be\/wp-content\/uploads\/2024\/07\/logo-no-background-1.svg","width":1500,"height":541,"caption":"La paillote"},"image":{"@id":"https:\/\/lescochonsdecocagne.be\/#\/schema\/logo\/image\/"}}]}},"_links":{"self":[{"href":"https:\/\/lescochonsdecocagne.be\/be-fr\/wp-json\/wp\/v2\/product\/3371","targetHints":{"allow":["GET"]}}],"collection":[{"href":"https:\/\/lescochonsdecocagne.be\/be-fr\/wp-json\/wp\/v2\/product"}],"about":[{"href":"https:\/\/lescochonsdecocagne.be\/be-fr\/wp-json\/wp\/v2\/types\/product"}],"replies":[{"embeddable":true,"href":"https:\/\/lescochonsdecocagne.be\/be-fr\/wp-json\/wp\/v2\/comments?post=3371"}],"wp:featuredmedia":[{"embeddable":true,"href":"https:\/\/lescochonsdecocagne.be\/be-fr\/wp-json\/wp\/v2\/media\/3280"}],"wp:attachment":[{"href":"https:\/\/lescochonsdecocagne.be\/be-fr\/wp-json\/wp\/v2\/media?parent=3371"}],"wp:term":[{"taxonomy":"product_brand","embeddable":true,"href":"https:\/\/lescochonsdecocagne.be\/be-fr\/wp-json\/wp\/v2\/product_brand?post=3371"},{"taxonomy":"product_cat","embeddable":true,"href":"https:\/\/lescochonsdecocagne.be\/be-fr\/wp-json\/wp\/v2\/product_cat?post=3371"},{"taxonomy":"product_tag","embeddable":true,"href":"https:\/\/lescochonsdecocagne.be\/be-fr\/wp-json\/wp\/v2\/product_tag?post=3371"}],"curies":[{"name":"wp","href":"https:\/\/api.w.org\/{rel}","templated":true}]}}