{"id":647,"date":"2013-03-23T13:05:00","date_gmt":"2013-03-23T13:05:00","guid":{"rendered":"http:\/\/themenectar.com\/demo\/salient\/?page_id=16"},"modified":"2024-10-25T21:53:03","modified_gmt":"2024-10-25T21:53:03","slug":"a-propos-de-nous","status":"publish","type":"page","link":"https:\/\/lescochonsdecocagne.be\/be-fr\/a-propos-de-nous\/","title":{"rendered":"A propos de nous"},"content":{"rendered":"<div id=\"fws_69e282bb84ba7\"  data-column-margin=\"default\" data-midnight=\"dark\"  class=\"wpb_row vc_row-fluid vc_row full-width-content vc_row-o-full-height vc_row-o-columns-middle vc_row-o-equal-height vc_row-flex  top_margin_0px\"  style=\"padding-top: 0px; padding-bottom: 0px; \"><div class=\"row-bg-wrap\" data-bg-animation=\"none\" data-bg-animation-delay=\"\" data-bg-overlay=\"false\"><div class=\"inner-wrap row-bg-layer using-image\" ><div class=\"row-bg viewport-desktop using-image has-phone\"  style=\"background-image: url(https:\/\/lescochonsdecocagne.be\/wp-content\/uploads\/2024\/05\/grote-foto-scaled.jpeg); background-position: 25% 0%; background-repeat: no-repeat; \"><\/div><div class=\"row-bg viewport-phone using-image\"  style=\"background-image: url(https:\/\/lescochonsdecocagne.be\/wp-content\/uploads\/2024\/05\/grote-foto-scaled.jpeg); background-position: 25% 0%; background-repeat: no-repeat; \"><\/div><\/div><\/div><div class=\"row_col_wrap_12 col span_12 dark left\">\n\t<div  class=\"vc_col-sm-6 wpb_column column_container vc_column_container col no-extra-padding inherit_tablet inherit_phone\"  data-border-radius=\"10px\" data-padding-pos=\"all\" data-has-bg-color=\"false\" data-bg-color=\"\" data-bg-opacity=\"1\" data-animation=\"\" data-delay=\"0\" >\n\t\t<div class=\"vc_column-inner\" >\n\t\t\t<div class=\"wpb_wrapper\">\n\t\t\t\t\n\t\t\t<\/div> \n\t\t<\/div>\n\t<\/div> \n\n\t<div  class=\"vc_col-sm-6 vc_hidden-sm vc_hidden-xs wpb_column column_container vc_column_container col no-extra-padding inherit_tablet inherit_phone\"  data-padding-pos=\"all\" data-has-bg-color=\"false\" data-bg-color=\"\" data-bg-opacity=\"1\" data-animation=\"\" data-delay=\"0\" >\n\t\t<div class=\"vc_column-inner\" >\n\t\t\t<div class=\"wpb_wrapper\">\n\t\t\t\t<div id=\"fws_69e282bb84fed\" data-midnight=\"\" data-column-margin=\"default\" class=\"wpb_row vc_row-fluid vc_row inner_row  vc_custom_1717481114077\"  style=\"padding-top: 10%; padding-bottom: 10%; \"><div class=\"row-bg-wrap\"> <div class=\"row-bg\" ><\/div> <\/div><div class=\"row_col_wrap_12_inner col span_12  left\">\n\t<div style=\"\" class=\"vc_col-sm-12 paddingwithome wpb_column column_container vc_column_container col child_column padding-5-percent right_margin_0px left_margin_0px inherit_tablet inherit_phone\"  data-using-bg=\"true\" data-border-radius=\"10px\" data-padding-pos=\"all\" data-has-bg-color=\"true\" data-bg-color=\"#ffffff\" data-bg-opacity=\"0.7\" data-animation=\"\" data-delay=\"0\" >\n\t\t<div class=\"vc_column-inner\" ><div class=\"column-bg-overlay-wrap column-bg-layer\" data-bg-animation=\"none\"><div class=\"column-bg-overlay\" style=\"opacity: 0.7; background-color: #ffffff;\"><\/div><\/div>\n\t\t<div class=\"wpb_wrapper\">\n\t\t\t<h2 style=\"font-size: 50px;color: #000000;line-height: 1.1;text-align: left\" class=\"vc_custom_heading vc_do_custom_heading\" >A propos de nous<\/h2><div class=\"divider-wrap\" style=\"height: 8%;\" data-alignment=\"default\"><div  class=\"divider\"><\/div><\/div>\n<div class=\"wpb_text_column wpb_content_element\" >\n\t<div class=\"wpb_text_column wpb_content_element vc_custom_1567540177632\">\n<div class=\"wpb_wrapper\">\n<p>Je m\u2019appelle Bram, un enthousiaste fermier originaire du c\u0153ur du Limbourg. Je suis maintenant install\u00e9 dans le pittoresque village de Lens-Saint-Servais, \u00e0 la lisi\u00e8re de la magnifique r\u00e9gion fruiti\u00e8re de Hesbaye.<\/p>\n<p>Apr\u00e8s plus de 14 ans en tant que fonctionnaire, j\u2019ai d\u00e9cid\u00e9 de suivre mon c\u0153ur et de devenir \u00e9leveur de porcs.<\/p>\n<p>Depuis mon plus jeune \u00e2ge, je suis fascin\u00e9 par ces animaux. Ils sont incroyablement intelligents et c\u2019est un v\u00e9ritable plaisir de les observer. Qu\u2019ils jouent ensemble, creusent ou se d\u00e9tendent, j\u2019appr\u00e9cie leur pr\u00e9sence \u00e0 chaque instant.<\/p>\n<\/div>\n<\/div>\n<\/div>\n\n\n\n<div class=\"divider-wrap\" style=\"height: 8%;\" data-alignment=\"default\"><div  class=\"divider\"><\/div><\/div>\n\t\t<\/div> \n\t<\/div>\n\t<\/div> \n<\/div><\/div>\n\t\t\t<\/div> \n\t\t<\/div>\n\t<\/div> \n<\/div><\/div>\n\t\t<div id=\"fws_69e282bb85549\"  data-column-margin=\"default\" data-midnight=\"dark\"  class=\"wpb_row vc_row-fluid vc_row  top_padding_phone_50px\"  style=\"padding-top: 0px; padding-bottom: 0px; \"><div class=\"row-bg-wrap\" data-bg-animation=\"none\" data-bg-animation-delay=\"\" data-bg-overlay=\"false\"><div class=\"inner-wrap row-bg-layer\" ><div class=\"row-bg viewport-desktop\"  style=\"\"><\/div><\/div><\/div><div class=\"row_col_wrap_12 col span_12 dark left\">\n\t<div  class=\"vc_col-sm-12 vc_hidden-lg vc_hidden-md wpb_column column_container vc_column_container col no-extra-padding inherit_tablet inherit_phone\"  data-padding-pos=\"all\" data-has-bg-color=\"false\" data-bg-color=\"\" data-bg-opacity=\"1\" data-animation=\"\" data-delay=\"0\" >\n\t\t<div class=\"vc_column-inner\" >\n\t\t\t<div class=\"wpb_wrapper\">\n\t\t\t\t<h2 style=\"font-size: 50px;color: #000000;line-height: 1.1;text-align: left\" class=\"vc_custom_heading vc_do_custom_heading\" >A propos de nous<\/h2>\n<div class=\"wpb_text_column wpb_content_element\" >\n\t<div class=\"wpb_text_column wpb_content_element vc_custom_1567540177632\">\n<div class=\"wpb_wrapper\">\n<p>Je m\u2019appelle Bram, un enthousiaste fermier originaire du c\u0153ur du Limbourg. Je suis maintenant install\u00e9 dans le pittoresque village de Lens-Saint-Servais, \u00e0 la lisi\u00e8re de la magnifique r\u00e9gion fruiti\u00e8re de Hesbaye.<\/p>\n<p>Apr\u00e8s plus de 14 ans en tant que fonctionnaire, j\u2019ai d\u00e9cid\u00e9 de suivre mon c\u0153ur et de devenir \u00e9leveur de porcs.<\/p>\n<p>Depuis mon plus jeune \u00e2ge, je suis fascin\u00e9 par ces animaux. Ils sont incroyablement intelligents et c\u2019est un v\u00e9ritable plaisir de les observer. Qu\u2019ils jouent ensemble, creusent ou se d\u00e9tendent, j\u2019appr\u00e9cie leur pr\u00e9sence \u00e0 chaque instant.<\/p>\n<\/div>\n<\/div>\n<\/div>\n\n\n\n\n\t\t\t<\/div> \n\t\t<\/div>\n\t<\/div> \n<\/div><\/div>\n\t\t<div id=\"fws_69e282bb85d0b\"  data-column-margin=\"none\" data-midnight=\"dark\"  class=\"wpb_row vc_row-fluid vc_row has-row-bg-color anot right_padding_0px left_padding_0px\"  style=\"padding-top: 50px; padding-bottom: 50px; --row-bg-color: #ffffff;\"><div class=\"row-bg-wrap\" data-bg-animation=\"none\" data-bg-animation-delay=\"\" data-bg-overlay=\"false\"><div class=\"inner-wrap row-bg-layer\" ><div class=\"row-bg viewport-desktop using-bg-color\"  style=\"background-color: #ffffff; \"><\/div><\/div><\/div><div class=\"row_col_wrap_12 col span_12 dark left\">\n\t<div  class=\"vc_col-sm-6 vc_col-lg-offset-0 vc_col-lg-6 wpb_column column_container vc_column_container col padding-2-percent inherit_tablet inherit_phone\"  data-padding-pos=\"all\" data-has-bg-color=\"false\" data-bg-color=\"\" data-bg-opacity=\"1\" data-animation=\"\" data-delay=\"0\" >\n\t\t<div class=\"vc_column-inner\" >\n\t\t\t<div class=\"wpb_wrapper\">\n\t\t\t\t<div id=\"fws_69e282bb85ece\" data-midnight=\"\" data-column-margin=\"default\" class=\"wpb_row vc_row-fluid vc_row inner_row\"  style=\"\"><div class=\"row-bg-wrap\"> <div class=\"row-bg\" ><\/div> <\/div><div class=\"row_col_wrap_12_inner col span_12  left\">\n\t<div style=\" color: #3a3a3a;margin-top: 5%; \" class=\"vc_col-sm-12 wpb_column column_container vc_column_container col child_column has-animation padding-2-percent inherit_tablet inherit_phone\" data-cfc=\"true\"  data-padding-pos=\"left-right\" data-has-bg-color=\"false\" data-bg-color=\"\" data-bg-opacity=\"1\" data-animation=\"fade-in-from-bottom\" data-delay=\"0\" >\n\t\t<div class=\"vc_column-inner\" >\n\t\t<div class=\"wpb_wrapper\">\n\t\t\t<h2 style=\"font-size: 55px;color: #000000;line-height: 1.2;text-align: left\" class=\"vc_custom_heading vc_do_custom_heading vc_custom_1729091359255\" >Notre mission?<\/h2>\n<div class=\"wpb_text_column wpb_content_element  vc_custom_1729596910974\" >\n\t<div class=\"page\" title=\"Page 2\">\n<div class=\"layoutArea\">\n<div class=\"column\">\n<p class=\"p1\">Nous voulons offrir \u00e0 nos porcs une vie qui se rapproche le plus possible de leurs besoins naturels. Leur bien-\u00eatre est notre priorit\u00e9.<\/p>\n<p class=\"p1\">De plus, nos porcs jouent un r\u00f4le crucial dans notre ferme mixte. Ils traitent nos exc\u00e9dents comme les fruits tomb\u00e9s, les r\u00e9sidus de pressage et fournissent, en plus de leur d\u00e9licieuse viande, des engrais pr\u00e9cieux pour nos plantations. De cette mani\u00e8re, nous travaillons pas \u00e0 pas \u00e0 cr\u00e9er le circuit naturel de la vie.<\/p>\n<p class=\"p1\">Venez d\u00e9couvrir comment nous nous orientons vers une pratique d\u2019agro\u00e9cologie respectueuse de la terre, des humains et des animaux.<\/p>\n<\/div>\n<\/div>\n<\/div>\n<\/div>\n\n\n\n\n\t\t<\/div> \n\t<\/div>\n\t<\/div> \n<\/div><\/div>\n\t\t\t<\/div> \n\t\t<\/div>\n\t<\/div> \n\n\t<div  class=\"vc_col-sm-6 wpb_column column_container vc_column_container col no-extra-padding inherit_tablet inherit_phone\"  data-padding-pos=\"all\" data-has-bg-color=\"false\" data-bg-color=\"\" data-bg-opacity=\"1\" data-animation=\"\" data-delay=\"0\" >\n\t\t<div class=\"vc_column-inner\" >\n\t\t\t<div class=\"wpb_wrapper\">\n\t\t\t\t<div id=\"fws_69e282bb8626e\" data-midnight=\"\" data-column-margin=\"default\" class=\"wpb_row vc_row-fluid vc_row inner_row\"  style=\"\"><div class=\"row-bg-wrap\"> <div class=\"row-bg\" ><\/div> <\/div><div class=\"row_col_wrap_12_inner col span_12  left\">\n\t<div  class=\"vc_col-sm-12 wpb_column column_container vc_column_container col child_column no-extra-padding inherit_tablet inherit_phone\"   data-padding-pos=\"all\" data-has-bg-color=\"false\" data-bg-color=\"\" data-bg-opacity=\"1\" data-animation=\"\" data-delay=\"0\" >\n\t\t<div class=\"vc_column-inner\" >\n\t\t<div class=\"wpb_wrapper\">\n\t\t\t<div class=\"img-with-aniamtion-wrap center custom-size\" data-max-width=\"75%\" data-max-width-mobile=\"default\" data-shadow=\"none\" data-animation=\"fade-in\"  style=\"margin-top: 10%; \">\n      <div class=\"inner\">\n        <div class=\"hover-wrap\"> \n          <div class=\"hover-wrap-inner\">\n            <img loading=\"lazy\" decoding=\"async\" class=\"img-with-animation skip-lazy\" data-delay=\"0\" height=\"604\" width=\"900\" data-animation=\"fade-in\" src=\"https:\/\/lescochonsdecocagne.be\/wp-content\/uploads\/2024\/10\/foto-nr-2-900x604.jpeg\" alt=\"\" srcset=\"https:\/\/lescochonsdecocagne.be\/wp-content\/uploads\/2024\/10\/foto-nr-2-900x604.jpeg 900w, https:\/\/lescochonsdecocagne.be\/wp-content\/uploads\/2024\/10\/foto-nr-2-600x403.jpeg 600w, https:\/\/lescochonsdecocagne.be\/wp-content\/uploads\/2024\/10\/foto-nr-2-400x269.jpeg 400w\" sizes=\"auto, (max-width: 900px) 100vw, 900px\" \/>\n          <\/div>\n        <\/div>\n        \n      <\/div>\n    <\/div>\n\t\t<\/div> \n\t<\/div>\n\t<\/div> \n<\/div><\/div>\n\t\t\t<\/div> \n\t\t<\/div>\n\t<\/div> \n<\/div><\/div>","protected":false},"excerpt":{"rendered":"Over ons Ik ben boer Bram. Afkomstig uit het verre midden-Limburg maar ondertussen al jaar en dag woonachtig in het charmante dorpje Lens-St-Servais aan de rand van de Haspengouwse fruitstreek....","protected":false},"author":1,"featured_media":0,"parent":0,"menu_order":0,"comment_status":"open","ping_status":"closed","template":"","meta":{"rs_blank_template":"","rs_page_bg_color":"","slide_template_v7":"","footnotes":""},"class_list":["post-647","page","type-page","status-publish"],"yoast_head":"<!-- This site is optimized with the Yoast SEO plugin v27.3 - https:\/\/yoast.com\/product\/yoast-seo-wordpress\/ -->\n<title>Over ons | Les Cochons De Cocagne<\/title>\n<meta name=\"robots\" content=\"index, follow, max-snippet:-1, max-image-preview:large, max-video-preview:-1\" \/>\n<link rel=\"canonical\" href=\"https:\/\/lescochonsdecocagne.be\/be-fr\/a-propos-de-nous\/\" \/>\n<meta property=\"og:locale\" content=\"fr_FR\" \/>\n<meta property=\"og:type\" content=\"article\" \/>\n<meta property=\"og:title\" content=\"Over ons | Les Cochons De Cocagne\" \/>\n<meta property=\"og:url\" content=\"https:\/\/lescochonsdecocagne.be\/be-fr\/a-propos-de-nous\/\" \/>\n<meta property=\"og:site_name\" content=\"Les Cochons De Cocagne\" \/>\n<meta property=\"article:modified_time\" content=\"2024-10-25T21:53:03+00:00\" \/>\n<meta name=\"twitter:card\" content=\"summary_large_image\" \/>\n<meta name=\"twitter:label1\" content=\"Dur\u00e9e de lecture est.\" \/>\n\t<meta name=\"twitter:data1\" content=\"55 minutes\" \/>\n<script type=\"application\/ld+json\" class=\"yoast-schema-graph\">{\"@context\":\"https:\\\/\\\/schema.org\",\"@graph\":[{\"@type\":\"WebPage\",\"@id\":\"https:\\\/\\\/lescochonsdecocagne.be\\\/over-ons\\\/\",\"url\":\"https:\\\/\\\/lescochonsdecocagne.be\\\/over-ons\\\/\",\"name\":\"Over ons | Les Cochons De Cocagne\",\"isPartOf\":{\"@id\":\"https:\\\/\\\/lescochonsdecocagne.be\\\/#website\"},\"datePublished\":\"2013-03-23T13:05:00+00:00\",\"dateModified\":\"2024-10-25T21:53:03+00:00\",\"breadcrumb\":{\"@id\":\"https:\\\/\\\/lescochonsdecocagne.be\\\/over-ons\\\/#breadcrumb\"},\"inLanguage\":\"fr-BE\",\"potentialAction\":[{\"@type\":\"ReadAction\",\"target\":[\"https:\\\/\\\/lescochonsdecocagne.be\\\/over-ons\\\/\"]}]},{\"@type\":\"BreadcrumbList\",\"@id\":\"https:\\\/\\\/lescochonsdecocagne.be\\\/over-ons\\\/#breadcrumb\",\"itemListElement\":[{\"@type\":\"ListItem\",\"position\":1,\"name\":\"Home\",\"item\":\"https:\\\/\\\/lescochonsdecocagne.be\\\/\"},{\"@type\":\"ListItem\",\"position\":2,\"name\":\"Over ons\"}]},{\"@type\":\"WebSite\",\"@id\":\"https:\\\/\\\/lescochonsdecocagne.be\\\/#website\",\"url\":\"https:\\\/\\\/lescochonsdecocagne.be\\\/\",\"name\":\"LA PAILLOTE\",\"description\":\"Luilekker(e) varkens\",\"publisher\":{\"@id\":\"https:\\\/\\\/lescochonsdecocagne.be\\\/#organization\"},\"potentialAction\":[{\"@type\":\"SearchAction\",\"target\":{\"@type\":\"EntryPoint\",\"urlTemplate\":\"https:\\\/\\\/lescochonsdecocagne.be\\\/?s={search_term_string}\"},\"query-input\":{\"@type\":\"PropertyValueSpecification\",\"valueRequired\":true,\"valueName\":\"search_term_string\"}}],\"inLanguage\":\"fr-BE\"},{\"@type\":\"Organization\",\"@id\":\"https:\\\/\\\/lescochonsdecocagne.be\\\/#organization\",\"name\":\"La paillote\",\"url\":\"https:\\\/\\\/lescochonsdecocagne.be\\\/\",\"logo\":{\"@type\":\"ImageObject\",\"inLanguage\":\"fr-BE\",\"@id\":\"https:\\\/\\\/lescochonsdecocagne.be\\\/#\\\/schema\\\/logo\\\/image\\\/\",\"url\":\"https:\\\/\\\/lescochonsdecocagne.be\\\/wp-content\\\/uploads\\\/2024\\\/07\\\/logo-no-background-1.svg\",\"contentUrl\":\"https:\\\/\\\/lescochonsdecocagne.be\\\/wp-content\\\/uploads\\\/2024\\\/07\\\/logo-no-background-1.svg\",\"width\":1500,\"height\":541,\"caption\":\"La paillote\"},\"image\":{\"@id\":\"https:\\\/\\\/lescochonsdecocagne.be\\\/#\\\/schema\\\/logo\\\/image\\\/\"}}]}<\/script>\n<!-- \/ Yoast SEO plugin. -->","yoast_head_json":{"title":"A propos de nous | Les Cochons De Cocagne","robots":{"index":"index","follow":"follow","max-snippet":"max-snippet:-1","max-image-preview":"max-image-preview:large","max-video-preview":"max-video-preview:-1"},"canonical":"https:\/\/lescochonsdecocagne.be\/be-fr\/a-propos-de-nous\/","og_locale":"fr_FR","og_type":"article","og_title":"Over ons | Les Cochons De Cocagne","og_url":"https:\/\/lescochonsdecocagne.be\/be-fr\/a-propos-de-nous\/","og_site_name":"Les Cochons De Cocagne","article_modified_time":"2024-10-25T21:53:03+00:00","twitter_card":"summary_large_image","twitter_misc":{"Dur\u00e9e de lecture est.":"55 minutes"},"schema":{"@context":"https:\/\/schema.org","@graph":[{"@type":"WebPage","@id":"https:\/\/lescochonsdecocagne.be\/over-ons\/","url":"https:\/\/lescochonsdecocagne.be\/over-ons\/","name":"A propos de nous | Les Cochons De Cocagne","isPartOf":{"@id":"https:\/\/lescochonsdecocagne.be\/#website"},"datePublished":"2013-03-23T13:05:00+00:00","dateModified":"2024-10-25T21:53:03+00:00","breadcrumb":{"@id":"https:\/\/lescochonsdecocagne.be\/over-ons\/#breadcrumb"},"inLanguage":"fr-BE","potentialAction":[{"@type":"ReadAction","target":["https:\/\/lescochonsdecocagne.be\/over-ons\/"]}]},{"@type":"BreadcrumbList","@id":"https:\/\/lescochonsdecocagne.be\/over-ons\/#breadcrumb","itemListElement":[{"@type":"ListItem","position":1,"name":"Home","item":"https:\/\/lescochonsdecocagne.be\/"},{"@type":"ListItem","position":2,"name":"Over ons"}]},{"@type":"WebSite","@id":"https:\/\/lescochonsdecocagne.be\/#website","url":"https:\/\/lescochonsdecocagne.be\/","name":"LA PAILLOTE","description":"Les cochons de Cocagne","publisher":{"@id":"https:\/\/lescochonsdecocagne.be\/#organization"},"potentialAction":[{"@type":"SearchAction","target":{"@type":"EntryPoint","urlTemplate":"https:\/\/lescochonsdecocagne.be\/?s={search_term_string}"},"query-input":{"@type":"PropertyValueSpecification","valueRequired":true,"valueName":"search_term_string"}}],"inLanguage":"fr-BE"},{"@type":"Organization","@id":"https:\/\/lescochonsdecocagne.be\/#organization","name":"La paillote","url":"https:\/\/lescochonsdecocagne.be\/","logo":{"@type":"ImageObject","inLanguage":"fr-BE","@id":"https:\/\/lescochonsdecocagne.be\/#\/schema\/logo\/image\/","url":"https:\/\/lescochonsdecocagne.be\/wp-content\/uploads\/2024\/07\/logo-no-background-1.svg","contentUrl":"https:\/\/lescochonsdecocagne.be\/wp-content\/uploads\/2024\/07\/logo-no-background-1.svg","width":1500,"height":541,"caption":"La paillote"},"image":{"@id":"https:\/\/lescochonsdecocagne.be\/#\/schema\/logo\/image\/"}}]}},"_links":{"self":[{"href":"https:\/\/lescochonsdecocagne.be\/be-fr\/wp-json\/wp\/v2\/pages\/647","targetHints":{"allow":["GET"]}}],"collection":[{"href":"https:\/\/lescochonsdecocagne.be\/be-fr\/wp-json\/wp\/v2\/pages"}],"about":[{"href":"https:\/\/lescochonsdecocagne.be\/be-fr\/wp-json\/wp\/v2\/types\/page"}],"author":[{"embeddable":true,"href":"https:\/\/lescochonsdecocagne.be\/be-fr\/wp-json\/wp\/v2\/users\/1"}],"replies":[{"embeddable":true,"href":"https:\/\/lescochonsdecocagne.be\/be-fr\/wp-json\/wp\/v2\/comments?post=647"}],"version-history":[{"count":196,"href":"https:\/\/lescochonsdecocagne.be\/be-fr\/wp-json\/wp\/v2\/pages\/647\/revisions"}],"predecessor-version":[{"id":3682,"href":"https:\/\/lescochonsdecocagne.be\/be-fr\/wp-json\/wp\/v2\/pages\/647\/revisions\/3682"}],"wp:attachment":[{"href":"https:\/\/lescochonsdecocagne.be\/be-fr\/wp-json\/wp\/v2\/media?parent=647"}],"curies":[{"name":"wp","href":"https:\/\/api.w.org\/{rel}","templated":true}]}}