{"id":26,"date":"2013-03-23T13:06:18","date_gmt":"2013-03-23T13:06:18","guid":{"rendered":"http:\/\/themenectar.com\/demo\/salient\/?page_id=26"},"modified":"2026-01-14T08:46:25","modified_gmt":"2026-01-14T08:46:25","slug":"nous-contacter","status":"publish","type":"page","link":"https:\/\/lescochonsdecocagne.be\/be-fr\/nous-contacter\/","title":{"rendered":"Contact"},"content":{"rendered":"\n\t\t<div id=\"fws_69e282bb0ec4f\"  data-column-margin=\"default\" data-midnight=\"dark\"  class=\"wpb_row vc_row-fluid vc_row full-width-content vc_row-o-equal-height vc_row-flex vc_row-o-content-top\"  style=\"padding-top: 0px; padding-bottom: 0px; \"><div class=\"row-bg-wrap\" data-bg-animation=\"none\" data-bg-animation-delay=\"\" data-bg-overlay=\"false\"><div class=\"inner-wrap row-bg-layer\" ><div class=\"row-bg viewport-desktop\"  style=\"\"><\/div><\/div><\/div><div class=\"row_col_wrap_12 col span_12 dark left\">\n\t<div  class=\"vc_col-sm-12 wpb_column column_container vc_column_container col no-extra-padding inherit_tablet inherit_phone \"  data-padding-pos=\"all\" data-has-bg-color=\"false\" data-bg-color=\"\" data-bg-opacity=\"1\" data-animation=\"\" data-delay=\"0\" >\n\t\t<div class=\"vc_column-inner\" >\n\t\t\t<div class=\"wpb_wrapper\">\n\t\t\t\t<div id=\"map_69e282bb0ef93\" style=\"height: 500px;\" class=\"nectar-leaflet-map\" data-infowindow-start-open=\"1\" data-dark-color-scheme=\"\" data-marker-style=\"nectar\" data-nectar-marker-color=\"accent-color\" data-ultra-flat=\"\" data-greyscale=\"\" data-extra-color=\"\" data-enable-animation=\"false\" data-enable-zoom=\"\" data-zoom-level=\"16\" data-center-lat=\"50.66122\" data-center-lng=\"5.15625\" data-marker-img=\"\"><\/div><div class=\"map_69e282bb0ef93 map-marker-list\"><div class=\"map-marker\" data-marker-image-width=\"50\" data-marker-image-height=\"50\" data-lat=\"50.662528\" data-lng=\"5.156652\" data-mapinfo=\" Les Cochons De Cocagne: Rue de Tourinne 4a<br \/>\"><\/div><div class=\"map-marker\" data-marker-image-width=\"50\" data-marker-image-height=\"50\" data-lat=\"Geer\" data-lng=\"\" data-mapinfo=\"\"><\/div><\/div><div class=\"divider-wrap\" data-alignment=\"default\"><div style=\"height: 20px;\" class=\"divider\"><\/div><\/div>\n\t\t\t<\/div> \n\t\t<\/div>\n\t<\/div> \n<\/div><\/div>\n\t\t<div id=\"fws_69e282bb0f11a\"  data-column-margin=\"default\" data-midnight=\"dark\"  class=\"wpb_row vc_row-fluid vc_row\"  style=\"padding-top: 0px; padding-bottom: 0px; \"><div class=\"row-bg-wrap\" data-bg-animation=\"none\" data-bg-animation-delay=\"\" data-bg-overlay=\"false\"><div class=\"inner-wrap row-bg-layer\" ><div class=\"row-bg viewport-desktop\"  style=\"\"><\/div><\/div><\/div><div class=\"row_col_wrap_12 col span_12 dark left\">\n\t<div  class=\"vc_col-sm-8 wpb_column column_container vc_column_container col padding-5-percent inherit_tablet inherit_phone \"  data-padding-pos=\"left-right\" data-has-bg-color=\"false\" data-bg-color=\"\" data-bg-opacity=\"1\" data-animation=\"\" data-delay=\"0\" >\n\t\t<div class=\"vc_column-inner\" >\n\t\t\t<div class=\"wpb_wrapper\">\n\t\t\t\t<h2 style=\"font-size: 38px;text-align: left\" class=\"vc_custom_heading vc_do_custom_heading vc_custom_1729107650877\" >Neem contact op met Les Cochons De Cocagne<\/h2>\n<div class=\"wpb_text_column wpb_content_element \" >\n\t<p class=\"p1\">We horen graag van u! Heeft u vragen of opmerkingen? Neem gerust contact met ons op.<\/p>\n<\/div>\n\n\n\n\n<div class=\"wpb_text_column wpb_content_element  vc_custom_1719750448771\" >\n\t<style id=\"wpforms-css-vars-3176\">\n\t\t\t\t#wpforms-3176 {\n\t\t\t\t\n\t\t\t}\n\t\t\t<\/style><div class=\"wpforms-container wpforms-container-full wpforms-render-modern\" id=\"wpforms-3176\"><form id=\"wpforms-form-3176\" class=\"wpforms-validate wpforms-form wpforms-ajax-form\" data-formid=\"3176\" method=\"post\" enctype=\"multipart\/form-data\" action=\"\/be-fr\/wp-json\/wp\/v2\/pages\/26\" data-token=\"0091776a0961d81d1c6ae6a87813b6be\" data-token-time=\"1776452283\"><noscript class=\"wpforms-error-noscript\">Veuillez activer JavaScript dans votre navigateur pour remplir ce formulaire.<\/noscript><div id=\"wpforms-error-noscript\" style=\"display: none;\">Veuillez activer JavaScript dans votre navigateur pour remplir ce formulaire.<\/div><div class=\"wpforms-field-container\"><div id=\"wpforms-3176-field_0-container\" class=\"wpforms-field wpforms-field-name\" data-field-id=\"0\"><fieldset><legend class=\"wpforms-field-label\">Naam <span class=\"wpforms-required-label\" aria-hidden=\"true\">*<\/span><\/legend><div class=\"wpforms-field-row wpforms-field-large\"><div class=\"wpforms-field-row-block wpforms-first wpforms-one-half\"><input type=\"text\" id=\"wpforms-3176-field_0\" class=\"wpforms-field-name-first wpforms-field-required\" name=\"wpforms[fields][0][first]\" aria-errormessage=\"wpforms-3176-field_0-error\" required><label for=\"wpforms-3176-field_0\" class=\"wpforms-field-sublabel after\">Pr\u00e9nom<\/label><\/div><div class=\"wpforms-field-row-block wpforms-one-half\"><input type=\"text\" id=\"wpforms-3176-field_0-last\" class=\"wpforms-field-name-last wpforms-field-required\" name=\"wpforms[fields][0][last]\" aria-errormessage=\"wpforms-3176-field_0-last-error\" required><label for=\"wpforms-3176-field_0-last\" class=\"wpforms-field-sublabel after\">Nom<\/label><\/div><\/div><\/fieldset><\/div><div id=\"wpforms-3176-field_3-container\" class=\"wpforms-field wpforms-field-layout\" data-field-id=\"3\"><div class=\"wpforms-field-layout-rows wpforms-field-large\"><div class=\"wpforms-layout-row\"><div class=\"wpforms-layout-column wpforms-layout-column-50\"><div id=\"wpforms-3176-field_1-container\" class=\"wpforms-field wpforms-field-email\" data-field-id=\"1\"><label class=\"wpforms-field-label\" for=\"wpforms-3176-field_1\">E-mail <span class=\"wpforms-required-label\" aria-hidden=\"true\">*<\/span><\/label><input type=\"email\" id=\"wpforms-3176-field_1\" class=\"wpforms-field-medium wpforms-field-required\" name=\"wpforms[fields][1]\" spellcheck=\"false\" aria-errormessage=\"wpforms-3176-field_1-error\" required><\/div><\/div><div class=\"wpforms-layout-column wpforms-layout-column-50\"><div id=\"wpforms-3176-field_5-container\" class=\"wpforms-field wpforms-field-phone\" data-field-id=\"5\"><label class=\"wpforms-field-label\" for=\"wpforms-3176-field_5\">Telefoon<\/label><input type=\"tel\" id=\"wpforms-3176-field_5\" class=\"wpforms-field-medium wpforms-smart-phone-field\" data-rule-smart-phone-field=\"true\" name=\"wpforms[fields][5]\" aria-label=\"Telefoon\" aria-errormessage=\"wpforms-3176-field_5-error\" ><\/div><\/div><\/div><\/div><\/div><div id=\"wpforms-3176-field_2-container\" class=\"wpforms-field wpforms-field-textarea\" data-field-id=\"2\"><label class=\"wpforms-field-label\" for=\"wpforms-3176-field_2\">Reactie of bericht<\/label><textarea id=\"wpforms-3176-field_2\" class=\"wpforms-field-medium\" name=\"wpforms[fields][2]\" aria-errormessage=\"wpforms-3176-field_2-error\" ><\/textarea><\/div><\/div><!-- .wpforms-field-container --><div class=\"wpforms-submit-container\" ><input type=\"hidden\" name=\"wpforms[id]\" value=\"3176\"><input type=\"hidden\" name=\"page_title\" value=\"\"><input type=\"hidden\" name=\"page_url\" value=\"https:\/\/lescochonsdecocagne.be\/be-fr\/wp-json\/wp\/v2\/pages\/26\"><input type=\"hidden\" name=\"url_referer\" value=\"\"><button type=\"submit\" name=\"wpforms[submit]\" id=\"wpforms-submit-3176\" class=\"wpforms-submit\" data-alt-text=\"Verzenden...\" data-submit-text=\"Verzend\" aria-live=\"assertive\" value=\"wpforms-submit\">Verzend<\/button><img loading=\"lazy\" decoding=\"async\" src=\"https:\/\/lescochonsdecocagne.be\/wp-content\/plugins\/wpforms\/assets\/images\/submit-spin.svg\" class=\"wpforms-submit-spinner\" style=\"display: none;\" width=\"26\" height=\"26\" alt=\"Chargement en cours\"><\/div><\/form><\/div>  <!-- .wpforms-container -->\n<\/div>\n\n\n\n\n\t\t\t<\/div> \n\t\t<\/div>\n\t<\/div> \n\n\t<div  class=\"vc_col-sm-4 wpb_column column_container vc_column_container col no-extra-padding inherit_tablet inherit_phone \"  data-padding-pos=\"all\" data-has-bg-color=\"false\" data-bg-color=\"\" data-bg-opacity=\"1\" data-animation=\"\" data-delay=\"0\" >\n\t\t<div class=\"vc_column-inner\" >\n\t\t\t<div class=\"wpb_wrapper\">\n\t\t\t\t<h2 style=\"font-size: 38px;text-align: left\" class=\"vc_custom_heading vc_do_custom_heading vc_custom_1566118149929\" >Contactgegevens:<\/h2>\n<div class=\"wpb_text_column wpb_content_element \" >\n\t<p>Alle dagen telefonisch bereikbaar vanaf 10u.<\/p>\n<p>0493\/71.34.94<\/p>\n<p>Adres:<a href=\"https:\/\/www.google.com\/maps\/place\/Rue+de+Tourinne+4,+4250+Geer\/@50.6614046,5.1538188,17z\/data=!3m1!4b1!4m13!1m7!3m6!1s0x47c10f387ff2d04f:0x95f53e5156e35bad!2sRue+de+Tourinne+4,+4250+Geer!3b1!8m2!3d50.6614046!4d5.1560075!3m4!1s0x47c10f387ff2d04f:0x95f53e5156e35bad!8m2!3d50.6614046!4d5.1560075\" target=\"_blank\" rel=\"noopener noreferrer\">\u00a0<\/a><a href=\"https:\/\/www.google.com\/maps\/place\/50%C2%B039'45.0%22N+5%C2%B009'24.0%22E\/@50.662504,5.15557,264m\/data=!3m2!1e3!4b1!4m14!1m7!3m6!1s0x47c10f387ff2d04f:0x95f53e5156e35bad!2sRue+de+Tourinne+4,+4250+Geer!3b1!8m2!3d50.6614046!4d5.1560075!3m5!1s0x0:0x0!7e2!8m2!3d50.6625037!4d5.1566636\" target=\"_blank\" rel=\"noopener noreferrer\">Rue de Tourinne 4a, 4250 Geer<\/a><\/p>\n<p>Les cochons de Cocagne is een onderdeel van Pays de Cocagne vzw.<\/p>\n<div dir=\"ltr\" data-setdir=\"false\">\n<p class=\"ydpd2199c97MsoNormal\">BTW BE 0787.718.885<\/p>\n<\/div>\n<\/div>\n\n\n\n\n\t\t\t<\/div> \n\t\t<\/div>\n\t<\/div> \n<\/div><\/div>\n","protected":false},"excerpt":{"rendered":"Neem contact op met Les Cochons De Cocagne We horen graag van u! Heeft u vragen of opmerkingen? Neem gerust contact met ons op. Veuillez activer JavaScript dans votre navigateur...","protected":false},"author":1,"featured_media":0,"parent":0,"menu_order":0,"comment_status":"open","ping_status":"closed","template":"","meta":{"rs_blank_template":"","rs_page_bg_color":"","slide_template_v7":"","footnotes":""},"class_list":["post-26","page","type-page","status-publish"],"yoast_head":"<!-- This site is optimized with the Yoast SEO plugin v27.3 - https:\/\/yoast.com\/product\/yoast-seo-wordpress\/ -->\n<title>Contacteer ons | Les Cochons De Cocagne<\/title>\n<meta name=\"description\" content=\"Neem rechtstreeks contact met ons op via email, telefoon of bericht. La paillote staat open voor alle vragen of verzoeken.\" \/>\n<meta name=\"robots\" content=\"index, follow, max-snippet:-1, max-image-preview:large, max-video-preview:-1\" \/>\n<link rel=\"canonical\" href=\"https:\/\/lescochonsdecocagne.be\/be-fr\/nous-contacter\/\" \/>\n<meta property=\"og:locale\" content=\"fr_FR\" \/>\n<meta property=\"og:type\" content=\"article\" \/>\n<meta property=\"og:title\" content=\"Contacteer ons | Les Cochons De Cocagne\" \/>\n<meta property=\"og:description\" content=\"Neem rechtstreeks contact met ons op via email, telefoon of bericht. La paillote staat open voor alle vragen of verzoeken.\" \/>\n<meta property=\"og:url\" content=\"https:\/\/lescochonsdecocagne.be\/be-fr\/nous-contacter\/\" \/>\n<meta property=\"og:site_name\" content=\"Les Cochons De Cocagne\" \/>\n<meta property=\"article:modified_time\" content=\"2026-01-14T08:46:25+00:00\" \/>\n<meta name=\"twitter:card\" content=\"summary_large_image\" \/>\n<meta name=\"twitter:label1\" content=\"Dur\u00e9e de lecture est.\" \/>\n\t<meta name=\"twitter:data1\" content=\"3 minutes\" \/>\n<script type=\"application\/ld+json\" class=\"yoast-schema-graph\">{\"@context\":\"https:\\\/\\\/schema.org\",\"@graph\":[{\"@type\":\"WebPage\",\"@id\":\"https:\\\/\\\/lescochonsdecocagne.be\\\/contacteer-ons\\\/\",\"url\":\"https:\\\/\\\/lescochonsdecocagne.be\\\/contacteer-ons\\\/\",\"name\":\"Contacteer ons | Les Cochons De Cocagne\",\"isPartOf\":{\"@id\":\"https:\\\/\\\/lescochonsdecocagne.be\\\/#website\"},\"datePublished\":\"2013-03-23T13:06:18+00:00\",\"dateModified\":\"2026-01-14T08:46:25+00:00\",\"description\":\"Neem rechtstreeks contact met ons op via email, telefoon of bericht. La paillote staat open voor alle vragen of verzoeken.\",\"breadcrumb\":{\"@id\":\"https:\\\/\\\/lescochonsdecocagne.be\\\/contacteer-ons\\\/#breadcrumb\"},\"inLanguage\":\"fr-BE\",\"potentialAction\":[{\"@type\":\"ReadAction\",\"target\":[\"https:\\\/\\\/lescochonsdecocagne.be\\\/contacteer-ons\\\/\"]}]},{\"@type\":\"BreadcrumbList\",\"@id\":\"https:\\\/\\\/lescochonsdecocagne.be\\\/contacteer-ons\\\/#breadcrumb\",\"itemListElement\":[{\"@type\":\"ListItem\",\"position\":1,\"name\":\"Home\",\"item\":\"https:\\\/\\\/lescochonsdecocagne.be\\\/\"},{\"@type\":\"ListItem\",\"position\":2,\"name\":\"Contacteer ons\"}]},{\"@type\":\"WebSite\",\"@id\":\"https:\\\/\\\/lescochonsdecocagne.be\\\/#website\",\"url\":\"https:\\\/\\\/lescochonsdecocagne.be\\\/\",\"name\":\"LA PAILLOTE\",\"description\":\"Luilekker(e) varkens\",\"publisher\":{\"@id\":\"https:\\\/\\\/lescochonsdecocagne.be\\\/#organization\"},\"potentialAction\":[{\"@type\":\"SearchAction\",\"target\":{\"@type\":\"EntryPoint\",\"urlTemplate\":\"https:\\\/\\\/lescochonsdecocagne.be\\\/?s={search_term_string}\"},\"query-input\":{\"@type\":\"PropertyValueSpecification\",\"valueRequired\":true,\"valueName\":\"search_term_string\"}}],\"inLanguage\":\"fr-BE\"},{\"@type\":\"Organization\",\"@id\":\"https:\\\/\\\/lescochonsdecocagne.be\\\/#organization\",\"name\":\"La paillote\",\"url\":\"https:\\\/\\\/lescochonsdecocagne.be\\\/\",\"logo\":{\"@type\":\"ImageObject\",\"inLanguage\":\"fr-BE\",\"@id\":\"https:\\\/\\\/lescochonsdecocagne.be\\\/#\\\/schema\\\/logo\\\/image\\\/\",\"url\":\"https:\\\/\\\/lescochonsdecocagne.be\\\/wp-content\\\/uploads\\\/2024\\\/07\\\/logo-no-background-1.svg\",\"contentUrl\":\"https:\\\/\\\/lescochonsdecocagne.be\\\/wp-content\\\/uploads\\\/2024\\\/07\\\/logo-no-background-1.svg\",\"width\":1500,\"height\":541,\"caption\":\"La paillote\"},\"image\":{\"@id\":\"https:\\\/\\\/lescochonsdecocagne.be\\\/#\\\/schema\\\/logo\\\/image\\\/\"}}]}<\/script>\n<!-- \/ Yoast SEO plugin. -->","yoast_head_json":{"title":"Nous contacter | Les Cochons De Cocagne","description":"Contactez-nous directement par e-mail, t\u00e9l\u00e9phone ou message. La paillote est ouverte \u00e0 toute question ou demande.","robots":{"index":"index","follow":"follow","max-snippet":"max-snippet:-1","max-image-preview":"max-image-preview:large","max-video-preview":"max-video-preview:-1"},"canonical":"https:\/\/lescochonsdecocagne.be\/be-fr\/nous-contacter\/","og_locale":"fr_FR","og_type":"article","og_title":"Contacteer ons | Les Cochons De Cocagne","og_description":"Neem rechtstreeks contact met ons op via email, telefoon of bericht. La paillote staat open voor alle vragen of verzoeken.","og_url":"https:\/\/lescochonsdecocagne.be\/be-fr\/nous-contacter\/","og_site_name":"Les Cochons De Cocagne","article_modified_time":"2026-01-14T08:46:25+00:00","twitter_card":"summary_large_image","twitter_misc":{"Dur\u00e9e de lecture est.":"3 minutes"},"schema":{"@context":"https:\/\/schema.org","@graph":[{"@type":"WebPage","@id":"https:\/\/lescochonsdecocagne.be\/contacteer-ons\/","url":"https:\/\/lescochonsdecocagne.be\/contacteer-ons\/","name":"Nous contacter | Les Cochons De Cocagne","isPartOf":{"@id":"https:\/\/lescochonsdecocagne.be\/#website"},"datePublished":"2013-03-23T13:06:18+00:00","dateModified":"2026-01-14T08:46:25+00:00","description":"Contactez-nous directement par e-mail, t\u00e9l\u00e9phone ou message. La paillote est ouverte \u00e0 toute question ou demande.","breadcrumb":{"@id":"https:\/\/lescochonsdecocagne.be\/contacteer-ons\/#breadcrumb"},"inLanguage":"fr-BE","potentialAction":[{"@type":"ReadAction","target":["https:\/\/lescochonsdecocagne.be\/contacteer-ons\/"]}]},{"@type":"BreadcrumbList","@id":"https:\/\/lescochonsdecocagne.be\/contacteer-ons\/#breadcrumb","itemListElement":[{"@type":"ListItem","position":1,"name":"Home","item":"https:\/\/lescochonsdecocagne.be\/"},{"@type":"ListItem","position":2,"name":"Contacteer ons"}]},{"@type":"WebSite","@id":"https:\/\/lescochonsdecocagne.be\/#website","url":"https:\/\/lescochonsdecocagne.be\/","name":"LA PAILLOTE","description":"Les cochons de Cocagne","publisher":{"@id":"https:\/\/lescochonsdecocagne.be\/#organization"},"potentialAction":[{"@type":"SearchAction","target":{"@type":"EntryPoint","urlTemplate":"https:\/\/lescochonsdecocagne.be\/?s={search_term_string}"},"query-input":{"@type":"PropertyValueSpecification","valueRequired":true,"valueName":"search_term_string"}}],"inLanguage":"fr-BE"},{"@type":"Organization","@id":"https:\/\/lescochonsdecocagne.be\/#organization","name":"La paillote","url":"https:\/\/lescochonsdecocagne.be\/","logo":{"@type":"ImageObject","inLanguage":"fr-BE","@id":"https:\/\/lescochonsdecocagne.be\/#\/schema\/logo\/image\/","url":"https:\/\/lescochonsdecocagne.be\/wp-content\/uploads\/2024\/07\/logo-no-background-1.svg","contentUrl":"https:\/\/lescochonsdecocagne.be\/wp-content\/uploads\/2024\/07\/logo-no-background-1.svg","width":1500,"height":541,"caption":"La paillote"},"image":{"@id":"https:\/\/lescochonsdecocagne.be\/#\/schema\/logo\/image\/"}}]}},"_links":{"self":[{"href":"https:\/\/lescochonsdecocagne.be\/be-fr\/wp-json\/wp\/v2\/pages\/26","targetHints":{"allow":["GET"]}}],"collection":[{"href":"https:\/\/lescochonsdecocagne.be\/be-fr\/wp-json\/wp\/v2\/pages"}],"about":[{"href":"https:\/\/lescochonsdecocagne.be\/be-fr\/wp-json\/wp\/v2\/types\/page"}],"author":[{"embeddable":true,"href":"https:\/\/lescochonsdecocagne.be\/be-fr\/wp-json\/wp\/v2\/users\/1"}],"replies":[{"embeddable":true,"href":"https:\/\/lescochonsdecocagne.be\/be-fr\/wp-json\/wp\/v2\/comments?post=26"}],"version-history":[{"count":53,"href":"https:\/\/lescochonsdecocagne.be\/be-fr\/wp-json\/wp\/v2\/pages\/26\/revisions"}],"predecessor-version":[{"id":4057,"href":"https:\/\/lescochonsdecocagne.be\/be-fr\/wp-json\/wp\/v2\/pages\/26\/revisions\/4057"}],"wp:attachment":[{"href":"https:\/\/lescochonsdecocagne.be\/be-fr\/wp-json\/wp\/v2\/media?parent=26"}],"curies":[{"name":"wp","href":"https:\/\/api.w.org\/{rel}","templated":true}]}}