{"id":1025,"date":"2019-03-21T18:06:54","date_gmt":"2019-03-21T18:06:54","guid":{"rendered":"https:\/\/bram.vinc.rocks\/?page_id=1025"},"modified":"2024-10-26T21:00:07","modified_gmt":"2024-10-26T21:00:07","slug":"porcs-en-liberte","status":"publish","type":"page","link":"https:\/\/lescochonsdecocagne.be\/be-fr\/porcs-en-liberte\/","title":{"rendered":"Les cochons de Cocagne"},"content":{"rendered":"<div id=\"fws_69e284200dab2\"  data-column-margin=\"default\" data-midnight=\"dark\"  class=\"wpb_row vc_row-fluid vc_row full-width-content vc_row-o-full-height vc_row-o-columns-middle vc_row-o-equal-height vc_row-flex vc_row-o-content-top\"  style=\"padding-top: 0px; padding-bottom: 0px; \"><div class=\"row-bg-wrap\" data-bg-animation=\"none\" data-bg-animation-delay=\"\" data-bg-overlay=\"false\"><div class=\"inner-wrap row-bg-layer using-image\" ><div class=\"row-bg viewport-desktop using-image has-phone\"  style=\"background-image: url(https:\/\/lescochonsdecocagne.be\/wp-content\/uploads\/2024\/09\/foto-nr-2-scaled.jpg); background-position: center center; background-repeat: no-repeat; \"><\/div><div class=\"row-bg viewport-phone using-image\"  style=\"background-image: url(https:\/\/lescochonsdecocagne.be\/wp-content\/uploads\/2024\/09\/foto-nr-2-scaled.jpg); background-position: center center; background-repeat: no-repeat; \"><\/div><\/div><\/div><div class=\"row_col_wrap_12 col span_12 dark left\">\n\t<div  class=\"vc_col-sm-6 vc_hidden-sm vc_hidden-xs wpb_column column_container vc_column_container col no-extra-padding inherit_tablet inherit_phone\"  data-border-radius=\"10px\" data-padding-pos=\"all\" data-has-bg-color=\"false\" data-bg-color=\"\" data-bg-opacity=\"1\" data-animation=\"\" data-delay=\"0\" >\n\t\t<div class=\"vc_column-inner\" >\n\t\t\t<div class=\"wpb_wrapper\">\n\t\t\t\t<div id=\"fws_69e284200de65\" data-midnight=\"\" data-column-margin=\"default\" class=\"wpb_row vc_row-fluid vc_row inner_row  vc_custom_1565280422904\"  style=\"padding-top: 10%; padding-bottom: 10%; \"><div class=\"row-bg-wrap\"> <div class=\"row-bg\" ><\/div> <\/div><div class=\"row_col_wrap_12_inner col span_12  left\">\n\t<div style=\"\" class=\"vc_col-sm-12 paddingwithome wpb_column column_container vc_column_container col child_column padding-5-percent inherit_tablet inherit_phone\"  data-using-bg=\"true\" data-border-radius=\"10px\" data-padding-pos=\"all\" data-has-bg-color=\"true\" data-bg-color=\"#ffffff\" data-bg-opacity=\"1\" data-animation=\"\" data-delay=\"0\" >\n\t\t<div class=\"vc_column-inner\" ><div class=\"column-bg-overlay-wrap column-bg-layer\" data-bg-animation=\"none\"><div class=\"column-bg-overlay\" style=\"opacity: 1; background-color: #ffffff;\"><\/div><\/div>\n\t\t<div class=\"wpb_wrapper\">\n\t\t\t<h2 style=\"font-size: 50px;color: #000000;line-height: 1.1;text-align: left\" class=\"vc_custom_heading vc_do_custom_heading\" >Les cochons de Cocagne<\/h2><div class=\"divider-wrap\" data-alignment=\"default\"><div style=\"height: 10px;\" class=\"divider\"><\/div><\/div>\n<div class=\"wpb_text_column wpb_content_element\" >\n\t<p>Nos cochons vivent en petits groupes dans un pr\u00e9 entour\u00e9 d\u2019une haie, plant\u00e9 d\u2019arbres fruitiers \u00e0 haute tige.<\/p>\n<p>Ici, ils peuvent se r\u00e9fugier dans des cabanes confortables, s\u2019\u00e9battre, creuser ou tout simplement se pr\u00e9lasser au soleil. Dans ce milieu privil\u00e9gi\u00e9, ils se d\u00e9veloppent et s\u2019\u00e9panouissent.<\/p>\n<\/div>\n\n\n\n<div class=\"divider-wrap\" style=\"height: 8%;\" data-alignment=\"default\"><div  class=\"divider\"><\/div><\/div>\n\t\t<\/div> \n\t<\/div>\n\t<\/div> \n<\/div><\/div>\n\t\t\t<\/div> \n\t\t<\/div>\n\t<\/div> \n\n\t<div  class=\"vc_col-sm-6 wpb_column column_container vc_column_container col no-extra-padding inherit_tablet inherit_phone\"  data-padding-pos=\"all\" data-has-bg-color=\"false\" data-bg-color=\"\" data-bg-opacity=\"1\" data-animation=\"\" data-delay=\"0\" >\n\t\t<div class=\"vc_column-inner\" >\n\t\t\t<div class=\"wpb_wrapper\">\n\t\t\t\t\n\t\t\t<\/div> \n\t\t<\/div>\n\t<\/div> \n<\/div><\/div>\n\t\t<div id=\"fws_69e284200e4ad\"  data-column-margin=\"default\" data-midnight=\"dark\"  class=\"wpb_row vc_row-fluid vc_row  top_margin_phone_20px\"  style=\"padding-top: 0px; padding-bottom: 0px; \"><div class=\"row-bg-wrap\" data-bg-animation=\"none\" data-bg-animation-delay=\"\" data-bg-overlay=\"false\"><div class=\"inner-wrap row-bg-layer\" ><div class=\"row-bg viewport-desktop\"  style=\"\"><\/div><\/div><\/div><div class=\"row_col_wrap_12 col span_12 dark left\">\n\t<div  class=\"vc_col-sm-12 vc_hidden-lg vc_hidden-md wpb_column column_container vc_column_container col no-extra-padding inherit_tablet inherit_phone\"  data-padding-pos=\"all\" data-has-bg-color=\"false\" data-bg-color=\"\" data-bg-opacity=\"1\" data-animation=\"\" data-delay=\"0\" >\n\t\t<div class=\"vc_column-inner\" >\n\t\t\t<div class=\"wpb_wrapper\">\n\t\t\t\t<div class=\"divider-wrap\" style=\"height: 40%;\" data-alignment=\"default\"><div  class=\"divider\"><\/div><\/div><h2 style=\"font-size: 50px;color: #000000;line-height: 1.1;text-align: left\" class=\"vc_custom_heading vc_do_custom_heading\" >Les cochons de Cocagne<\/h2>\n<div class=\"wpb_text_column wpb_content_element\" >\n\t<p>Nos cochons vivent en petits groupes dans un pr\u00e9 entour\u00e9 d\u2019une haie, plant\u00e9 d\u2019arbres fruitiers \u00e0 haute tige.<\/p>\n<p>Ici, ils peuvent se r\u00e9fugier dans des cabanes confortables, s\u2019\u00e9battre, creuser ou tout simplement se pr\u00e9lasser au soleil. Dans ce milieu privil\u00e9gi\u00e9, ils se d\u00e9veloppent et s\u2019\u00e9panouissent.<\/p>\n<\/div>\n\n\n\n\n\t\t\t<\/div> \n\t\t<\/div>\n\t<\/div> \n<\/div><\/div>\n\t\t<div id=\"fws_69e284200e85c\"  data-column-margin=\"default\" data-midnight=\"dark\"  class=\"wpb_row vc_row-fluid vc_row full-width-content has-row-bg-color vc_row-o-equal-height vc_row-flex vc_row-o-content-top anot\"  style=\"padding-top: 0px; padding-bottom: 0px; --row-bg-color: #ffffff;\"><div class=\"row-bg-wrap\" data-bg-animation=\"none\" data-bg-animation-delay=\"\" data-bg-overlay=\"false\"><div class=\"inner-wrap row-bg-layer\" ><div class=\"row-bg viewport-desktop using-bg-color\"  style=\"background-color: #ffffff; \"><\/div><\/div><\/div><div class=\"row_col_wrap_12 col span_12 dark left\">\n\t<div  class=\"vc_col-sm-6 wpb_column column_container vc_column_container col padding-8-percent inherit_tablet inherit_phone\"  data-padding-pos=\"all\" data-has-bg-color=\"false\" data-bg-color=\"\" data-bg-opacity=\"1\" data-animation=\"\" data-delay=\"0\" >\n\t\t<div class=\"vc_column-inner\" >\n\t\t\t<div class=\"wpb_wrapper\">\n\t\t\t\t<h2 style=\"font-size: 48px;color: #000000;line-height: 1.2;text-align: left\" class=\"vc_custom_heading vc_do_custom_heading vc_custom_1729273092651 translation-block\" >Un r\u00e9gime vari\u00e9<\/h2>\n<div class=\"wpb_text_column wpb_content_element  vc_custom_1727348337476\" >\n\t<div class=\"page\" title=\"Page 2\">\n<div class=\"layoutArea\">\n<div class=\"column\">\n<p>Les cochons sont omnivores. Un r\u00e9gime uniquement compos\u00e9 d\u2019aliments concentr\u00e9s devient vite monotone. C\u2019est pourquoi nos cochons re\u00e7oivent une alimentation vari\u00e9e et nutritive : des fruits tomb\u00e9s, de la pulpe de notre presse \u00e0 pommes, des betteraves fourrag\u00e8res, des citrouilles cultiv\u00e9es sur place, ainsi que des pommes de terre provenant des producteurs locaux. Pour un apport suppl\u00e9mentaire en prot\u00e9ines, nous utilisons du petit lait fourni par un \u00e9leveur de vaches local. En automne, nous les r\u00e9galons avec des noix, des glands et des ch\u00e2taignes. Nous sommes convaincus que cette alimentation vari\u00e9e contribue \u00e0 la texture unique et au go\u00fbt exceptionnel de notre viande de porc.<\/p>\n<\/div>\n<\/div>\n<\/div>\n<\/div>\n\n\n\n\n\t\t\t<\/div> \n\t\t<\/div>\n\t<\/div> \n\n\t<div  class=\"vc_col-sm-6 wpb_column column_container vc_column_container col no-extra-padding inherit_tablet inherit_phone\"  data-padding-pos=\"all\" data-has-bg-color=\"false\" data-bg-color=\"\" data-bg-opacity=\"1\" data-animation=\"\" data-delay=\"0\" >\n\t\t<div class=\"vc_column-inner\" >\n\t\t\t<div class=\"wpb_wrapper\">\n\t\t\t\t<div class=\"img-with-aniamtion-wrap center custom-size\" data-max-width=\"75%\" data-max-width-mobile=\"default\" data-shadow=\"none\" data-animation=\"fade-in\"  style=\"margin-top: 5%; \">\n      <div class=\"inner\">\n        <div class=\"hover-wrap\"> \n          <div class=\"hover-wrap-inner\">\n            <img loading=\"lazy\" decoding=\"async\" class=\"img-with-animation skip-lazy\" data-delay=\"0\" height=\"500\" width=\"500\" data-animation=\"fade-in\" src=\"https:\/\/lescochonsdecocagne.be\/wp-content\/uploads\/2024\/09\/foto-nr-3-500x500.jpeg\" alt=\"\" srcset=\"https:\/\/lescochonsdecocagne.be\/wp-content\/uploads\/2024\/09\/foto-nr-3-500x500.jpeg 500w, https:\/\/lescochonsdecocagne.be\/wp-content\/uploads\/2024\/09\/foto-nr-3-150x150.jpeg 150w, https:\/\/lescochonsdecocagne.be\/wp-content\/uploads\/2024\/09\/foto-nr-3-140x140.jpeg 140w, https:\/\/lescochonsdecocagne.be\/wp-content\/uploads\/2024\/09\/foto-nr-3-100x100.jpeg 100w, https:\/\/lescochonsdecocagne.be\/wp-content\/uploads\/2024\/09\/foto-nr-3-350x350.jpeg 350w, https:\/\/lescochonsdecocagne.be\/wp-content\/uploads\/2024\/09\/foto-nr-3-1000x1000.jpeg 1000w, https:\/\/lescochonsdecocagne.be\/wp-content\/uploads\/2024\/09\/foto-nr-3-800x800.jpeg 800w, https:\/\/lescochonsdecocagne.be\/wp-content\/uploads\/2024\/09\/foto-nr-3-300x300.jpeg 300w\" sizes=\"auto, (max-width: 500px) 100vw, 500px\" \/>\n          <\/div>\n        <\/div>\n        \n      <\/div>\n    <\/div>\n\t\t\t<\/div> \n\t\t<\/div>\n\t<\/div> \n<\/div><\/div>","protected":false},"excerpt":{"rendered":"Luilekker(e) varkens Onze weides worden bevolkt door blije varkens. De varkens verblijven in kleine groepjes in een met een haag afgezoomde weide die beplant werd met hoogstam fruitbomen. Hier kunnen...","protected":false},"author":1,"featured_media":0,"parent":0,"menu_order":0,"comment_status":"closed","ping_status":"closed","template":"","meta":{"rs_blank_template":"","rs_page_bg_color":"","slide_template_v7":"","footnotes":""},"class_list":["post-1025","page","type-page","status-publish"],"yoast_head":"<!-- This site is optimized with the Yoast SEO plugin v27.3 - https:\/\/yoast.com\/product\/yoast-seo-wordpress\/ -->\n<title>De Scharrelvarkens | Les Cochons De Cocagne<\/title>\n<meta name=\"description\" content=\"Laat jou appels en fruit persen bij La pailotte. Geniet van jou eigen sap en drank. Vanaf 100 kg maken we sap van jou eigen appels.\" \/>\n<meta name=\"robots\" content=\"index, follow, max-snippet:-1, max-image-preview:large, max-video-preview:-1\" \/>\n<link rel=\"canonical\" href=\"https:\/\/lescochonsdecocagne.be\/be-fr\/porcs-en-liberte\/\" \/>\n<meta property=\"og:locale\" content=\"fr_FR\" \/>\n<meta property=\"og:type\" content=\"article\" \/>\n<meta property=\"og:title\" content=\"De Scharrelvarkens | Les Cochons De Cocagne\" \/>\n<meta property=\"og:description\" content=\"Laat jou appels en fruit persen bij La pailotte. Geniet van jou eigen sap en drank. Vanaf 100 kg maken we sap van jou eigen appels.\" \/>\n<meta property=\"og:url\" content=\"https:\/\/lescochonsdecocagne.be\/be-fr\/porcs-en-liberte\/\" \/>\n<meta property=\"og:site_name\" content=\"Les Cochons De Cocagne\" \/>\n<meta property=\"article:modified_time\" content=\"2024-10-26T21:00:07+00:00\" \/>\n<meta name=\"twitter:card\" content=\"summary_large_image\" \/>\n<meta name=\"twitter:label1\" content=\"Dur\u00e9e de lecture est.\" \/>\n\t<meta name=\"twitter:data1\" content=\"22 minutes\" \/>\n<script type=\"application\/ld+json\" class=\"yoast-schema-graph\">{\"@context\":\"https:\\\/\\\/schema.org\",\"@graph\":[{\"@type\":\"WebPage\",\"@id\":\"https:\\\/\\\/lescochonsdecocagne.be\\\/scharrelvarkens\\\/\",\"url\":\"https:\\\/\\\/lescochonsdecocagne.be\\\/scharrelvarkens\\\/\",\"name\":\"De Scharrelvarkens | Les Cochons De Cocagne\",\"isPartOf\":{\"@id\":\"https:\\\/\\\/lescochonsdecocagne.be\\\/#website\"},\"datePublished\":\"2019-03-21T18:06:54+00:00\",\"dateModified\":\"2024-10-26T21:00:07+00:00\",\"description\":\"Laat jou appels en fruit persen bij La pailotte. Geniet van jou eigen sap en drank. Vanaf 100 kg maken we sap van jou eigen appels.\",\"breadcrumb\":{\"@id\":\"https:\\\/\\\/lescochonsdecocagne.be\\\/scharrelvarkens\\\/#breadcrumb\"},\"inLanguage\":\"fr-BE\",\"potentialAction\":[{\"@type\":\"ReadAction\",\"target\":[\"https:\\\/\\\/lescochonsdecocagne.be\\\/scharrelvarkens\\\/\"]}]},{\"@type\":\"BreadcrumbList\",\"@id\":\"https:\\\/\\\/lescochonsdecocagne.be\\\/scharrelvarkens\\\/#breadcrumb\",\"itemListElement\":[{\"@type\":\"ListItem\",\"position\":1,\"name\":\"Home\",\"item\":\"https:\\\/\\\/lescochonsdecocagne.be\\\/\"},{\"@type\":\"ListItem\",\"position\":2,\"name\":\"De Scharrelvarkens\"}]},{\"@type\":\"WebSite\",\"@id\":\"https:\\\/\\\/lescochonsdecocagne.be\\\/#website\",\"url\":\"https:\\\/\\\/lescochonsdecocagne.be\\\/\",\"name\":\"LA PAILLOTE\",\"description\":\"Luilekker(e) varkens\",\"publisher\":{\"@id\":\"https:\\\/\\\/lescochonsdecocagne.be\\\/#organization\"},\"potentialAction\":[{\"@type\":\"SearchAction\",\"target\":{\"@type\":\"EntryPoint\",\"urlTemplate\":\"https:\\\/\\\/lescochonsdecocagne.be\\\/?s={search_term_string}\"},\"query-input\":{\"@type\":\"PropertyValueSpecification\",\"valueRequired\":true,\"valueName\":\"search_term_string\"}}],\"inLanguage\":\"fr-BE\"},{\"@type\":\"Organization\",\"@id\":\"https:\\\/\\\/lescochonsdecocagne.be\\\/#organization\",\"name\":\"La paillote\",\"url\":\"https:\\\/\\\/lescochonsdecocagne.be\\\/\",\"logo\":{\"@type\":\"ImageObject\",\"inLanguage\":\"fr-BE\",\"@id\":\"https:\\\/\\\/lescochonsdecocagne.be\\\/#\\\/schema\\\/logo\\\/image\\\/\",\"url\":\"https:\\\/\\\/lescochonsdecocagne.be\\\/wp-content\\\/uploads\\\/2024\\\/07\\\/logo-no-background-1.svg\",\"contentUrl\":\"https:\\\/\\\/lescochonsdecocagne.be\\\/wp-content\\\/uploads\\\/2024\\\/07\\\/logo-no-background-1.svg\",\"width\":1500,\"height\":541,\"caption\":\"La paillote\"},\"image\":{\"@id\":\"https:\\\/\\\/lescochonsdecocagne.be\\\/#\\\/schema\\\/logo\\\/image\\\/\"}}]}<\/script>\n<!-- \/ Yoast SEO plugin. -->","yoast_head_json":{"title":"The Porcupines | Les Cochons De Cocagne","description":"Faites presser vos pommes et vos fruits \u00e0 La pailotte. D\u00e9gustez votre propre jus et votre propre boisson. A partir de 100 kg, nous produisons du jus \u00e0 partir de vos pommes.","robots":{"index":"index","follow":"follow","max-snippet":"max-snippet:-1","max-image-preview":"max-image-preview:large","max-video-preview":"max-video-preview:-1"},"canonical":"https:\/\/lescochonsdecocagne.be\/be-fr\/porcs-en-liberte\/","og_locale":"fr_FR","og_type":"article","og_title":"De Scharrelvarkens | Les Cochons De Cocagne","og_description":"Laat jou appels en fruit persen bij La pailotte. Geniet van jou eigen sap en drank. Vanaf 100 kg maken we sap van jou eigen appels.","og_url":"https:\/\/lescochonsdecocagne.be\/be-fr\/porcs-en-liberte\/","og_site_name":"Les Cochons De Cocagne","article_modified_time":"2024-10-26T21:00:07+00:00","twitter_card":"summary_large_image","twitter_misc":{"Dur\u00e9e de lecture est.":"22 minutes"},"schema":{"@context":"https:\/\/schema.org","@graph":[{"@type":"WebPage","@id":"https:\/\/lescochonsdecocagne.be\/scharrelvarkens\/","url":"https:\/\/lescochonsdecocagne.be\/scharrelvarkens\/","name":"The Porcupines | Les Cochons De Cocagne","isPartOf":{"@id":"https:\/\/lescochonsdecocagne.be\/#website"},"datePublished":"2019-03-21T18:06:54+00:00","dateModified":"2024-10-26T21:00:07+00:00","description":"Faites presser vos pommes et vos fruits \u00e0 La pailotte. D\u00e9gustez votre propre jus et votre propre boisson. A partir de 100 kg, nous produisons du jus \u00e0 partir de vos pommes.","breadcrumb":{"@id":"https:\/\/lescochonsdecocagne.be\/scharrelvarkens\/#breadcrumb"},"inLanguage":"fr-BE","potentialAction":[{"@type":"ReadAction","target":["https:\/\/lescochonsdecocagne.be\/scharrelvarkens\/"]}]},{"@type":"BreadcrumbList","@id":"https:\/\/lescochonsdecocagne.be\/scharrelvarkens\/#breadcrumb","itemListElement":[{"@type":"ListItem","position":1,"name":"Home","item":"https:\/\/lescochonsdecocagne.be\/"},{"@type":"ListItem","position":2,"name":"De Scharrelvarkens"}]},{"@type":"WebSite","@id":"https:\/\/lescochonsdecocagne.be\/#website","url":"https:\/\/lescochonsdecocagne.be\/","name":"LA PAILLOTE","description":"Les cochons de Cocagne","publisher":{"@id":"https:\/\/lescochonsdecocagne.be\/#organization"},"potentialAction":[{"@type":"SearchAction","target":{"@type":"EntryPoint","urlTemplate":"https:\/\/lescochonsdecocagne.be\/?s={search_term_string}"},"query-input":{"@type":"PropertyValueSpecification","valueRequired":true,"valueName":"search_term_string"}}],"inLanguage":"fr-BE"},{"@type":"Organization","@id":"https:\/\/lescochonsdecocagne.be\/#organization","name":"La paillote","url":"https:\/\/lescochonsdecocagne.be\/","logo":{"@type":"ImageObject","inLanguage":"fr-BE","@id":"https:\/\/lescochonsdecocagne.be\/#\/schema\/logo\/image\/","url":"https:\/\/lescochonsdecocagne.be\/wp-content\/uploads\/2024\/07\/logo-no-background-1.svg","contentUrl":"https:\/\/lescochonsdecocagne.be\/wp-content\/uploads\/2024\/07\/logo-no-background-1.svg","width":1500,"height":541,"caption":"La paillote"},"image":{"@id":"https:\/\/lescochonsdecocagne.be\/#\/schema\/logo\/image\/"}}]}},"_links":{"self":[{"href":"https:\/\/lescochonsdecocagne.be\/be-fr\/wp-json\/wp\/v2\/pages\/1025","targetHints":{"allow":["GET"]}}],"collection":[{"href":"https:\/\/lescochonsdecocagne.be\/be-fr\/wp-json\/wp\/v2\/pages"}],"about":[{"href":"https:\/\/lescochonsdecocagne.be\/be-fr\/wp-json\/wp\/v2\/types\/page"}],"author":[{"embeddable":true,"href":"https:\/\/lescochonsdecocagne.be\/be-fr\/wp-json\/wp\/v2\/users\/1"}],"replies":[{"embeddable":true,"href":"https:\/\/lescochonsdecocagne.be\/be-fr\/wp-json\/wp\/v2\/comments?post=1025"}],"version-history":[{"count":189,"href":"https:\/\/lescochonsdecocagne.be\/be-fr\/wp-json\/wp\/v2\/pages\/1025\/revisions"}],"predecessor-version":[{"id":3692,"href":"https:\/\/lescochonsdecocagne.be\/be-fr\/wp-json\/wp\/v2\/pages\/1025\/revisions\/3692"}],"wp:attachment":[{"href":"https:\/\/lescochonsdecocagne.be\/be-fr\/wp-json\/wp\/v2\/media?parent=1025"}],"curies":[{"name":"wp","href":"https:\/\/api.w.org\/{rel}","templated":true}]}}